{"id":2162,"date":"2017-09-11T15:14:42","date_gmt":"2017-09-11T15:14:42","guid":{"rendered":"https:\/\/news-immobilsarda.it\/staging\/?page_id=2162"},"modified":"2019-03-28T14:56:37","modified_gmt":"2019-03-28T14:56:37","slug":"claus-joans-a-the-nature-art-gallery","status":"publish","type":"page","link":"https:\/\/news-immobilsarda.it\/staging\/claus-joans-a-the-nature-art-gallery\/","title":{"rendered":"Claus Joans a The Nature Art Gallery"},"content":{"rendered":"<p style=\"text-align: center;\">\t\t<div id=\"serious-slider-359-rnd4579\" class=\"cryout-serious-slider seriousslider serious-slider-359-rnd4579 cryout-serious-slider-359 seriousslider-overlay1 seriousslider-light seriousslider-shadow-none seriousslider-responsive-maintain seriousslider-hidetitles-0 seriousslider-fade seriousslider-sizing0 seriousslider-aligncenter seriousslider-caption-animation-none seriousslider-textstyle-textshadow\" data-ride=\"seriousslider\">\n\t\t\t<div class=\"seriousslider-inner\" role=\"listbox\">\n\n\t\t\t\n\t\t\t<div class=\"item slide-1 active\" role=\"option\">\n\t\t\t\t\t\t\t\t<a  >\n\t\t\t\t\t<img class=\"item-image\" src=\"https:\/\/news-immobilsarda.it\/staging\/wp-content\/uploads\/2018\/01\/Claus.jpg\" alt=\"\" >\n\t\t\t\t<\/a>\n\t\t\t\t\t\t\t\t\t\t\t\t<div class=\"seriousslider-hloader\"><\/div>\n\t\t\t\t<figure class=\"seriousslider-cloader\">\n\t\t\t\t\t<svg width=\"200\" height=\"200\">\n\t\t\t\t\t\t<circle cx=\"95\" cy=\"95\" r=\"20\" transform=\"rotate(-90, 95, 95)\"\/>\n\t\t\t\t\t<\/svg>\n\t\t\t  <\/figure>\n\t\t\t<\/div>\n\n\t\t\t\n\t\t\t<div class=\"item slide-2 \" role=\"option\">\n\t\t\t\t\t\t\t\t<a  >\n\t\t\t\t\t<img class=\"item-image\" src=\"https:\/\/news-immobilsarda.it\/staging\/wp-content\/uploads\/2018\/01\/Claus1.jpg\" alt=\"\" >\n\t\t\t\t<\/a>\n\t\t\t\t\t\t\t\t\t\t\t\t<div class=\"seriousslider-hloader\"><\/div>\n\t\t\t\t<figure class=\"seriousslider-cloader\">\n\t\t\t\t\t<svg width=\"200\" height=\"200\">\n\t\t\t\t\t\t<circle cx=\"95\" cy=\"95\" r=\"20\" transform=\"rotate(-90, 95, 95)\"\/>\n\t\t\t\t\t<\/svg>\n\t\t\t  <\/figure>\n\t\t\t<\/div>\n\n\t\t\t\n\t\t\t<div class=\"item slide-3 \" role=\"option\">\n\t\t\t\t\t\t\t\t<a  >\n\t\t\t\t\t<img class=\"item-image\" src=\"https:\/\/news-immobilsarda.it\/staging\/wp-content\/uploads\/2018\/01\/Joans.jpg\" alt=\"\" >\n\t\t\t\t<\/a>\n\t\t\t\t\t\t\t\t\t\t\t\t<div class=\"seriousslider-hloader\"><\/div>\n\t\t\t\t<figure class=\"seriousslider-cloader\">\n\t\t\t\t\t<svg width=\"200\" height=\"200\">\n\t\t\t\t\t\t<circle cx=\"95\" cy=\"95\" r=\"20\" transform=\"rotate(-90, 95, 95)\"\/>\n\t\t\t\t\t<\/svg>\n\t\t\t  <\/figure>\n\t\t\t<\/div>\n\n\t\t\t\t\t\t<\/div>\n\n\t\t\t<div class=\"seriousslider-indicators\">\n\t\t\t\t<ol class=\"seriousslider-indicators-inside\">\n\t\t\t\t\t\t\t\t\t\t<li data-target=\"#serious-slider-359-rnd4579\" data-slide-to=\"0\" class=\"active\"><\/li>\n\t\t\t\t\t\t\t\t\t\t<li data-target=\"#serious-slider-359-rnd4579\" data-slide-to=\"1\" ><\/li>\n\t\t\t\t\t\t\t\t\t\t<li data-target=\"#serious-slider-359-rnd4579\" data-slide-to=\"2\" ><\/li>\n\t\t\t\t\t\t\t\t\t<\/ol>\n\t\t\t<\/div>\n\n\t\t\t<button class=\"left seriousslider-control\" data-target=\"#serious-slider-359-rnd4579\" role=\"button\" data-slide=\"prev\">\n\t\t\t  <span class=\"sicon-prev control-arrow\" aria-hidden=\"true\"><\/span>\n\t\t\t  <span class=\"sr-only\">Previous Slide<\/span>\n\t\t\t<\/button>\n\t\t\t<button class=\"right seriousslider-control\" data-target=\"#serious-slider-359-rnd4579\" role=\"button\" data-slide=\"next\">\n\t\t\t  <span class=\"sicon-next control-arrow\" aria-hidden=\"true\"><\/span>\n\t\t\t  <span class=\"sr-only\">Next Slide<\/span>\n\t\t\t<\/button>\n\t\t<\/div>\n\t\t<\/p>\n<p><em><strong>Claus Joans Italia,<\/strong><\/em><br \/>\n<em><strong>Mobile Christmas Tree. 2017<\/strong><\/em><br \/>\n<em><strong>Inox, policarbonato e alluminio,\u00a0<\/strong><\/em><em><strong>350 x 380 cm<\/strong><\/em><\/p>\n<p>Claus Joans \u00e8 nato a <a href=\"https:\/\/it.wikipedia.org\/wiki\/Novara\" target=\"_blank\" rel=\"noopener\">Novara<\/a> da famiglia di artisti.<\/p>\n<p>Dopo gli studi non troppo regolari, interrotti da frequenti viaggi e soggiorni in Europa ed oltre Oceano, al ritorno in Italia frequenta le botteghe di scultori e ceramisti.<\/p>\n<p>In lunghe permanenze in Sardegna e <a href=\"https:\/\/it.wikipedia.org\/wiki\/Pietrasanta\" target=\"_blank\" rel=\"noopener\">Pietrasanta<\/a>, scava, leviga e compone opere originate da uno stimolo di natura interiore, in rapporto alla sua esigente volont\u00e0 di esprimersi ai fini di una ricerca di cui non pone traguardi ma che que<span class=\"text_exposed_show\">sti rifiutano in virt\u00f9 e considerazione della pi\u00f9 assoluta libert\u00e0 creativa. <\/span><\/p>\n<p><span class=\"text_exposed_show\">All&#8217;inizio degli anni 90 compie la sua rivoluzione utopica costruendo macchine &#8220;Leonardiane&#8221; azionate dall&#8217;acqua e dalla luce e realizza architetture ed interni dallo straordinario effetto cromatico. La Glanost-Sculture e la Primitive Plastic sono l&#8217;approdo e la partenza da cui si irradiano le nuove generazioni di immagini e creazioni.<\/span><\/p>\n<div class=\"text_exposed_show\">\n<p>Claus Joans \u00e8 un genio primordiale e totemico come un uomo di domani.<\/p>\n<p>Quando cerca materie plastiche, le intacca, le tinge, le arricchisce, le accende con il pretesto utilitario di trasformarle in corpi illuminati. In realt\u00e0, le sue opere rappresentano reali sculture dove combina l&#8217;arte di &#8220;estrazione e aggiunta&#8221; secondo la migliore tradizione cinquecentesca.<\/p>\n<p>Claus Joans gioca anche con i principali temi energici che mirano a trovare il percorso verso le alternative rinnovabili. Ogni mezzo \u00e8 usato per migliorare l&#8217;immaginazione e restituire voce alla creativit\u00e0.<\/p>\n<p>Dagli anni &#8217;70 partecipa a una ricerca creativa e molto personale che utilizza nelle sue opere diversi materiali come acciaio, policarbonati, polimeri e tecnologie molto avanzate.<\/p>\n<p>Le opere fotovoltaiche ed eoliche, in cui la potenza della luce e il dinamismo delle forme scultoreo trovano applicazione, rappresentano un&#8217;avventura assoluta: segnano le sue &#8220;Illuminate e Illuminanti&#8221; sculture con straordinaria espressivit\u00e0 e plasicit\u00e0 gi\u00e0 presenti in prestigiosi privati collezioni pubbliche, sia italiane che internazionali.<\/p>\n<\/div>\n","protected":false},"excerpt":{"rendered":"<p>Claus Joans Italia, Mobile Christmas Tree. 2017 Inox, policarbonato e alluminio,\u00a0350 x 380 cm Claus Joans \u00e8 nato a Novara da famiglia di artisti. Dopo gli studi non troppo regolari, interrotti da frequenti viaggi e soggiorni in Europa ed oltre Oceano, al ritorno in Italia frequenta le botteghe di scultori e ceramisti. In lunghe permanenze<a class=\"moretag\" href=\"https:\/\/news-immobilsarda.it\/staging\/cryout_serious_slide\/2937\/\"><span class=\"screen-reader-text\">Read more about <\/span>[&#8230;]<\/a><\/p>\n","protected":false},"author":9,"featured_media":2165,"parent":0,"menu_order":0,"comment_status":"closed","ping_status":"closed","template":"","meta":[],"tags":[354,340,333,376],"yoast_head":"<!-- This site is optimized with the Yoast SEO plugin v19.10 - https:\/\/yoast.com\/wordpress\/plugins\/seo\/ -->\n<title>Claus-Joans-a-The-Nature-Art-Gallery-Mobile-Christmas-Tree<\/title>\n<meta name=\"description\" content=\"Claus Joans a The Nature Art Gallery. Claus Joans \u00e8 un genio primordiale e totemico come un uomo di domani. Quando cerca materie plastiche, li intacca ..\" \/>\n<meta name=\"robots\" content=\"index, follow, max-snippet:-1, max-image-preview:large, max-video-preview:-1\" \/>\n<link rel=\"canonical\" href=\"https:\/\/news-immobilsarda.it\/staging\/claus-joans-a-the-nature-art-gallery\/\" \/>\n<meta property=\"og:locale\" content=\"en_US\" \/>\n<meta property=\"og:type\" content=\"article\" \/>\n<meta property=\"og:title\" content=\"Claus-Joans-a-The-Nature-Art-Gallery-Mobile-Christmas-Tree\" \/>\n<meta property=\"og:description\" content=\"Claus Joans a The Nature Art Gallery. Claus Joans \u00e8 un genio primordiale e totemico come un uomo di domani. Quando cerca materie plastiche, li intacca ..\" \/>\n<meta property=\"og:url\" content=\"https:\/\/news-immobilsarda.it\/staging\/claus-joans-a-the-nature-art-gallery\/\" \/>\n<meta property=\"og:site_name\" content=\"Le ultime novit\u00e0 dal mondo Immobilsarda\" \/>\n<meta property=\"article:publisher\" content=\"https:\/\/www.facebook.com\/pages\/Immobilsarda\/294305933966324?ref=hl\" \/>\n<meta property=\"article:modified_time\" content=\"2019-03-28T14:56:37+00:00\" \/>\n<meta property=\"og:image\" content=\"https:\/\/news-immobilsarda.it\/staging\/wp-content\/uploads\/2017\/09\/21557788_1753569368273068_4357911519089136774_n.jpg\" \/>\n\t<meta property=\"og:image:width\" content=\"960\" \/>\n\t<meta property=\"og:image:height\" content=\"533\" \/>\n\t<meta property=\"og:image:type\" content=\"image\/jpeg\" \/>\n<meta name=\"twitter:label1\" content=\"Est. reading time\" \/>\n\t<meta name=\"twitter:data1\" content=\"2 minutes\" \/>\n<script type=\"application\/ld+json\" class=\"yoast-schema-graph\">{\"@context\":\"https:\/\/schema.org\",\"@graph\":[{\"@type\":\"WebPage\",\"@id\":\"https:\/\/news-immobilsarda.it\/staging\/claus-joans-a-the-nature-art-gallery\/\",\"url\":\"https:\/\/news-immobilsarda.it\/staging\/claus-joans-a-the-nature-art-gallery\/\",\"name\":\"Claus-Joans-a-The-Nature-Art-Gallery-Mobile-Christmas-Tree\",\"isPartOf\":{\"@id\":\"https:\/\/news-immobilsarda.it\/staging\/#website\"},\"datePublished\":\"2017-09-11T15:14:42+00:00\",\"dateModified\":\"2019-03-28T14:56:37+00:00\",\"description\":\"Claus Joans a The Nature Art Gallery. Claus Joans \u00e8 un genio primordiale e totemico come un uomo di domani. Quando cerca materie plastiche, li intacca ..\",\"inLanguage\":\"en-US\",\"potentialAction\":[{\"@type\":\"ReadAction\",\"target\":[\"https:\/\/news-immobilsarda.it\/staging\/claus-joans-a-the-nature-art-gallery\/\"]}]},{\"@type\":\"WebSite\",\"@id\":\"https:\/\/news-immobilsarda.it\/staging\/#website\",\"url\":\"https:\/\/news-immobilsarda.it\/staging\/\",\"name\":\"Le ultime novit\u00e0 dal mondo Immobilsarda\",\"description\":\"Immobili di lusso nel nord della Sardegna\",\"publisher\":{\"@id\":\"https:\/\/news-immobilsarda.it\/staging\/#organization\"},\"potentialAction\":[{\"@type\":\"SearchAction\",\"target\":{\"@type\":\"EntryPoint\",\"urlTemplate\":\"https:\/\/news-immobilsarda.it\/staging\/?s={search_term_string}\"},\"query-input\":\"required name=search_term_string\"}],\"inLanguage\":\"en-US\"},{\"@type\":\"Organization\",\"@id\":\"https:\/\/news-immobilsarda.it\/staging\/#organization\",\"name\":\"ImmobilSarda\",\"url\":\"https:\/\/news-immobilsarda.it\/staging\/\",\"logo\":{\"@type\":\"ImageObject\",\"inLanguage\":\"en-US\",\"@id\":\"https:\/\/news-immobilsarda.it\/staging\/#\/schema\/logo\/image\/\",\"url\":\"https:\/\/news-immobilsarda.it\/staging\/wp-content\/uploads\/2016\/10\/logo-ims-blue-red.jpg\",\"contentUrl\":\"https:\/\/news-immobilsarda.it\/staging\/wp-content\/uploads\/2016\/10\/logo-ims-blue-red.jpg\",\"width\":383,\"height\":43,\"caption\":\"ImmobilSarda\"},\"image\":{\"@id\":\"https:\/\/news-immobilsarda.it\/staging\/#\/schema\/logo\/image\/\"},\"sameAs\":[\"https:\/\/www.facebook.com\/pages\/Immobilsarda\/294305933966324?ref=hl\"]}]}<\/script>\n<!-- \/ Yoast SEO plugin. -->","yoast_head_json":{"title":"Claus-Joans-a-The-Nature-Art-Gallery-Mobile-Christmas-Tree","description":"Claus Joans a The Nature Art Gallery. Claus Joans \u00e8 un genio primordiale e totemico come un uomo di domani. Quando cerca materie plastiche, li intacca ..","robots":{"index":"index","follow":"follow","max-snippet":"max-snippet:-1","max-image-preview":"max-image-preview:large","max-video-preview":"max-video-preview:-1"},"canonical":"https:\/\/news-immobilsarda.it\/staging\/claus-joans-a-the-nature-art-gallery\/","og_locale":"en_US","og_type":"article","og_title":"Claus-Joans-a-The-Nature-Art-Gallery-Mobile-Christmas-Tree","og_description":"Claus Joans a The Nature Art Gallery. Claus Joans \u00e8 un genio primordiale e totemico come un uomo di domani. Quando cerca materie plastiche, li intacca ..","og_url":"https:\/\/news-immobilsarda.it\/staging\/claus-joans-a-the-nature-art-gallery\/","og_site_name":"Le ultime novit\u00e0 dal mondo Immobilsarda","article_publisher":"https:\/\/www.facebook.com\/pages\/Immobilsarda\/294305933966324?ref=hl","article_modified_time":"2019-03-28T14:56:37+00:00","og_image":[{"width":960,"height":533,"url":"https:\/\/news-immobilsarda.it\/staging\/wp-content\/uploads\/2017\/09\/21557788_1753569368273068_4357911519089136774_n.jpg","type":"image\/jpeg"}],"twitter_misc":{"Est. reading time":"2 minutes"},"schema":{"@context":"https:\/\/schema.org","@graph":[{"@type":"WebPage","@id":"https:\/\/news-immobilsarda.it\/staging\/claus-joans-a-the-nature-art-gallery\/","url":"https:\/\/news-immobilsarda.it\/staging\/claus-joans-a-the-nature-art-gallery\/","name":"Claus-Joans-a-The-Nature-Art-Gallery-Mobile-Christmas-Tree","isPartOf":{"@id":"https:\/\/news-immobilsarda.it\/staging\/#website"},"datePublished":"2017-09-11T15:14:42+00:00","dateModified":"2019-03-28T14:56:37+00:00","description":"Claus Joans a The Nature Art Gallery. Claus Joans \u00e8 un genio primordiale e totemico come un uomo di domani. Quando cerca materie plastiche, li intacca ..","inLanguage":"en-US","potentialAction":[{"@type":"ReadAction","target":["https:\/\/news-immobilsarda.it\/staging\/claus-joans-a-the-nature-art-gallery\/"]}]},{"@type":"WebSite","@id":"https:\/\/news-immobilsarda.it\/staging\/#website","url":"https:\/\/news-immobilsarda.it\/staging\/","name":"Le ultime novit\u00e0 dal mondo Immobilsarda","description":"Immobili di lusso nel nord della Sardegna","publisher":{"@id":"https:\/\/news-immobilsarda.it\/staging\/#organization"},"potentialAction":[{"@type":"SearchAction","target":{"@type":"EntryPoint","urlTemplate":"https:\/\/news-immobilsarda.it\/staging\/?s={search_term_string}"},"query-input":"required name=search_term_string"}],"inLanguage":"en-US"},{"@type":"Organization","@id":"https:\/\/news-immobilsarda.it\/staging\/#organization","name":"ImmobilSarda","url":"https:\/\/news-immobilsarda.it\/staging\/","logo":{"@type":"ImageObject","inLanguage":"en-US","@id":"https:\/\/news-immobilsarda.it\/staging\/#\/schema\/logo\/image\/","url":"https:\/\/news-immobilsarda.it\/staging\/wp-content\/uploads\/2016\/10\/logo-ims-blue-red.jpg","contentUrl":"https:\/\/news-immobilsarda.it\/staging\/wp-content\/uploads\/2016\/10\/logo-ims-blue-red.jpg","width":383,"height":43,"caption":"ImmobilSarda"},"image":{"@id":"https:\/\/news-immobilsarda.it\/staging\/#\/schema\/logo\/image\/"},"sameAs":["https:\/\/www.facebook.com\/pages\/Immobilsarda\/294305933966324?ref=hl"]}]}},"jetpack_shortlink":"https:\/\/wp.me\/PehXTj-yS","jetpack_sharing_enabled":true,"jetpack-related-posts":[],"jetpack_likes_enabled":true,"amp_enabled":true,"_links":{"self":[{"href":"https:\/\/news-immobilsarda.it\/staging\/wp-json\/wp\/v2\/pages\/2162"}],"collection":[{"href":"https:\/\/news-immobilsarda.it\/staging\/wp-json\/wp\/v2\/pages"}],"about":[{"href":"https:\/\/news-immobilsarda.it\/staging\/wp-json\/wp\/v2\/types\/page"}],"author":[{"embeddable":true,"href":"https:\/\/news-immobilsarda.it\/staging\/wp-json\/wp\/v2\/users\/9"}],"replies":[{"embeddable":true,"href":"https:\/\/news-immobilsarda.it\/staging\/wp-json\/wp\/v2\/comments?post=2162"}],"version-history":[{"count":7,"href":"https:\/\/news-immobilsarda.it\/staging\/wp-json\/wp\/v2\/pages\/2162\/revisions"}],"predecessor-version":[{"id":3083,"href":"https:\/\/news-immobilsarda.it\/staging\/wp-json\/wp\/v2\/pages\/2162\/revisions\/3083"}],"wp:featuredmedia":[{"embeddable":true,"href":"https:\/\/news-immobilsarda.it\/staging\/wp-json\/wp\/v2\/media\/2165"}],"wp:attachment":[{"href":"https:\/\/news-immobilsarda.it\/staging\/wp-json\/wp\/v2\/media?parent=2162"}],"wp:term":[{"taxonomy":"post_tag","embeddable":true,"href":"https:\/\/news-immobilsarda.it\/staging\/wp-json\/wp\/v2\/tags?post=2162"}],"curies":[{"name":"wp","href":"https:\/\/api.w.org\/{rel}","templated":true}]}}