{"id":2904,"date":"2017-12-14T11:11:20","date_gmt":"2017-12-14T11:11:20","guid":{"rendered":"https:\/\/news-immobilsarda.it\/staging\/?page_id=2904"},"modified":"2018-01-13T12:02:59","modified_gmt":"2018-01-13T12:02:59","slug":"the-nature-art-gallery-a-christmas-expo","status":"publish","type":"page","link":"https:\/\/news-immobilsarda.it\/staging\/the-nature-art-gallery-a-christmas-expo\/","title":{"rendered":"The Nature Art Gallery &#8211; A Christmas Expo"},"content":{"rendered":"<p style=\"text-align: center;\"><img data-attachment-id=\"2905\" data-permalink=\"https:\/\/news-immobilsarda.it\/staging\/the-nature-art-gallery-a-christmas-expo\/attachment\/0001\/\" data-orig-file=\"https:\/\/news-immobilsarda.it\/staging\/wp-content\/uploads\/2018\/01\/0001.jpg\" data-orig-size=\"1772,1772\" data-comments-opened=\"0\" data-image-meta=\"{&quot;aperture&quot;:&quot;0&quot;,&quot;credit&quot;:&quot;&quot;,&quot;camera&quot;:&quot;&quot;,&quot;caption&quot;:&quot;&quot;,&quot;created_timestamp&quot;:&quot;0&quot;,&quot;copyright&quot;:&quot;&quot;,&quot;focal_length&quot;:&quot;0&quot;,&quot;iso&quot;:&quot;0&quot;,&quot;shutter_speed&quot;:&quot;0&quot;,&quot;title&quot;:&quot;&quot;,&quot;orientation&quot;:&quot;0&quot;}\" data-image-title=\"0001\" data-image-description=\"\" data-image-caption=\"\" data-medium-file=\"https:\/\/news-immobilsarda.it\/staging\/wp-content\/uploads\/2018\/01\/0001-300x300.jpg\" data-large-file=\"https:\/\/news-immobilsarda.it\/staging\/wp-content\/uploads\/2018\/01\/0001-1024x1024.jpg\" decoding=\"async\" loading=\"lazy\" class=\"aligncenter wp-image-2905 size-full\" src=\"https:\/\/news-immobilsarda.it\/staging\/wp-content\/uploads\/2018\/01\/0001.jpg\" alt=\"the-nature-art-gallery-a-christmas-expo\" width=\"1772\" height=\"1772\" srcset=\"https:\/\/news-immobilsarda.it\/staging\/wp-content\/uploads\/2018\/01\/0001.jpg 1772w, https:\/\/news-immobilsarda.it\/staging\/wp-content\/uploads\/2018\/01\/0001-150x150.jpg 150w, https:\/\/news-immobilsarda.it\/staging\/wp-content\/uploads\/2018\/01\/0001-300x300.jpg 300w, https:\/\/news-immobilsarda.it\/staging\/wp-content\/uploads\/2018\/01\/0001-768x768.jpg 768w, https:\/\/news-immobilsarda.it\/staging\/wp-content\/uploads\/2018\/01\/0001-1024x1024.jpg 1024w\" sizes=\"(max-width: 1772px) 100vw, 1772px\" \/><\/p>\n<h4 style=\"text-align: center;\">The Glittering Branches Of The Christmas Tree Nell\u2019arte Contemporanea<\/h4>\n<p>&nbsp;<\/p>\n<p style=\"text-align: left;\">Sabrina La Leggia<\/p>\n<p><em>\u201c Soltanto grazie all\u2019arte, anzich\u00e9 vedere un solo mondo,<\/em><br \/>\n<em> il nostro, lo vediamo moltiplicarsi, e quanti pi\u00f9 sono gli artisti originali,<\/em><br \/>\n<em> tanti pi\u00f9 mondi abbiamo a disposizione,<\/em><br \/>\n<em> diversi gli uni dagli altri pi\u00f9 di quelli che girano nell\u2019infinito\u2026\u201d<\/em><br \/>\n<em> Marcel Proust, Alla ricerca del tempo perduto.<\/em><br \/>\n<em> Il tempo ritrovato, 1927<\/em><\/p>\n<p>C\u2019\u00e8 un forte e importante legame tra Immobilsarda e l\u2019arte contemporanea: l\u2019amore per la bellezza, unite alla filosofia del rispetto per la natura e l\u2019ambiente, per costruire anche attraverso l\u2019arte e l\u2019architettura una nuova etica del vivere nella qualit\u00e0.<\/p>\n<p>Per Immobilsarda la volont\u00e0 di unire queste due sinergie rappresenta un preciso modello di valorizzazione culturale e naturalistica.<\/p>\n<p>Perch\u00e9 dopo il Luxury Real Estate, Immobilsarda decide di creare anche una galleria d\u2019arte contemporanea nel cuore di Milano?<\/p>\n<p>\u201cPerch\u00e9 per me il rapporto tra ambiente, natura, architettura e arte oggi \u00e8 sempre pi\u00f9 stretto e variegato, ed \u00e8 al centro del fascino e del lifestyle italiano.<\/p>\n<p>I nostri Real Estate in Sardegna esistono in funzione del luogo e interagiscono con il clima, l\u2019ambiente e la cultura che li circondano. Il lusso oggi \u00e8 un concetto che abbraccia molti aspetti della quotidianit\u00e0, e i clienti di Immobilsarda sono interessati all\u2019eccellenza in tutte le sua manifestazioni.<\/p>\n<p>Si sta ridisegnando la mappa del lusso, italiano e internazionale, e il consumatore chiede sempre di pi\u00f9 di vivere esperienze complete, opere d\u2019arte d\u2019architettura insieme alla natura. Questa galleria vuole mettere in contatto l\u2019arte con l\u2019architettura e il design, tra ecologia, emozione e versatilit\u00e0\u201d. Spiega il Dott. Giancarlo Bracco, amante dell\u2019arte e fondatore di Immobilsarda.<\/p>\n<p>L\u2019idea nasce dal forte legame di <a href=\"http:\/\/www.immobilsarda.com\/it\/l\/33-40-anni-da-immobilsarda.html\" target=\"_blank\" rel=\"noopener\">Immobilsarda<\/a> con la Sardegna: una nuova galleria, The Nature Art Gallery, ospitata all\u2019interno dei suoi uffici, che vuole offrire un punto d\u2019incontro con una formula nuova, con uno spazio dedicato all\u2019arte contemporanea.<\/p>\n<p>Attraverso l\u2019arte, la prestigiosa sede milanese di Immobilsarda, propone una sua nuova funzione: diventa uno spazio installativo e performativo dove le opere lasciano la parete per sconfinare nella musica, nell\u2019architettura e nel design.<\/p>\n<p>Tutto \u00e8 proiettato in avanti, ed \u00e8 da qui che parte Giancarlo Bracco, convinto che si debba cogliere quel senso d\u2019innovazione che permea il Real Estate. Dopo avere fatto tappa a Portorotondo e a Porto Cervo con la sua prima mostra l\u2019elemento acqua nell\u2019arte e nell\u2019arcitettura, Arte in Porto, virtual gallery creata da <a href=\"https:\/\/news-immobilsarda.it\/staging\/arch-julio-cesar-ayllon-per-the-nature-art-gallery\/\" target=\"_blank\" rel=\"noopener\">Julio C\u00e9sar Ayll\u00f3n<\/a> e <a href=\"https:\/\/news-immobilsarda.it\/staging\/sabrina-la-leggia-co-curatrice-arte-porto-2017\/\" target=\"_blank\" rel=\"noopener\">Sabrina La Leggia<\/a>, presenta per l\u2019inaugurazione della galleria The Nature Art Gallery, una grande mostra collettiva.<\/p>\n<p>&nbsp;<\/p>\n<p>La mostra raccoglie le diverse percezioni e significati dell\u2019albero e del Natale nella nostra vita, mettendole in relazione e ricercando cosi un nuovo linguaggio.<\/p>\n<p>In esposizione le opere di <a href=\"https:\/\/news-immobilsarda.it\/staging\/pablo-pinxit-a-the-nature-art-gallery\/\" target=\"_blank\" rel=\"noopener\">Pablo Pinxit<\/a>, <a href=\"https:\/\/news-immobilsarda.it\/staging\/eliane-aerts-the-nature-art-gallery\/\" target=\"_blank\" rel=\"noopener\">Eliane Aerts<\/a>, <a href=\"https:\/\/news-immobilsarda.it\/staging\/claus-joans-a-the-nature-art-gallery\/\" target=\"_blank\" rel=\"noopener\">Claus Joans<\/a>, <a href=\"https:\/\/news-immobilsarda.it\/staging\/antonio-la-rosa-the-nature-art-gallery\/\" target=\"_blank\" rel=\"noopener\">Antonio La Rosa<\/a>, <a href=\"https:\/\/news-immobilsarda.it\/staging\/alessandro-lobino-arte-porto\/alessandro-lobino-a-the-nature-art-gallery\/\" target=\"_blank\" rel=\"noopener\">Alessandro Lobino<\/a>, <a href=\"https:\/\/news-immobilsarda.it\/staging\/adolfo-maciocco-arte-porto\/adolfo-the-nature-art-gallery\/\" target=\"_blank\" rel=\"noopener\">Adolfo Maciocco<\/a>, <a href=\"https:\/\/news-immobilsarda.it\/staging\/fabio-pietrantonio-the-nature-art-gallery\/\" target=\"_blank\" rel=\"noopener\">Fabio Pietrantonio<\/a>, <a href=\"https:\/\/news-immobilsarda.it\/staging\/chelita-riojas-zuckermann-a-the-nature-art-gallery\/\" target=\"_blank\" rel=\"noopener\">Chelita Riojas Zuckermann<\/a>, <a href=\"https:\/\/news-immobilsarda.it\/staging\/roberto-tadini-the-nature-art-gallery\/\" target=\"_blank\" rel=\"noopener\">Roberto Tadini<\/a>.<\/p>\n<p>Diverse e soggettive le interpretazioni dei nove artisti che hanno creato un site specific per l\u2019inaugurazione della galleria.<\/p>\n<p>Con la loro straordinaria versatilit\u00e0 hanno inventato un mondo incantato e attraverso accostamenti e contrasti di pittura, scultura e fotografia astratte e figurative, simultaneamente vediamo alberi pop, materici, luminosi. Immobilsarda con la sua galleria The Nature Art Gallery vuole avviare un dialogo a livello internazionale anche attraverso l\u2019arte, con mostre di pittura, fotografia, proiezione di documentari e videoinstallazioni.<\/p>\n<p>La nuova galleria, con le sue future mostre, si propone di creare anche maggiore consapevolezza sul significato della sostenibilit\u00e0 ambientale nelle sue diverse forme e avviare cosi una ricerca costante.<\/p>\n<p>Non a caso Immobilsarda \u00e8 diventata anche sponsor del Progetto Mondiale\u00a0<a href=\"https:\/\/news-immobilsarda.it\/staging\/one-ocean-forum\/\" target=\"_blank\" rel=\"noopener\">One Ocean Forum<\/a> dello <a href=\"http:\/\/www.yccs.it\/\" target=\"_blank\" rel=\"noopener\">YCCS<\/a> sulla sostenibilit\u00e0 ambientale.<\/p>\n<p>Nelle prossime mostre il filo conduttore sar\u00e0 la ricerca di una visione della natura come dialogo fra l\u2019umano e l\u2019ambiente, e per quanto questi lavori ci parleranno di una natura minacciata, il messaggio sar\u00e0 pieno di ottimismo, perch\u00e9 la natura si rigenera e sopravvive all\u2019uomo, sempre.<\/p>\n<p>&nbsp;<\/p>\n","protected":false},"excerpt":{"rendered":"<p>The Glittering Branches Of The Christmas Tree Nell\u2019arte Contemporanea &nbsp; Sabrina La Leggia \u201c Soltanto grazie all\u2019arte, anzich\u00e9 vedere un solo mondo, il nostro, lo vediamo moltiplicarsi, e quanti pi\u00f9 sono gli artisti originali, tanti pi\u00f9 mondi abbiamo a disposizione, diversi gli uni dagli altri pi\u00f9 di quelli che girano nell\u2019infinito\u2026\u201d Marcel Proust, Alla ricerca<a class=\"moretag\" href=\"https:\/\/news-immobilsarda.it\/staging\/the-nature-art-gallery-a-christmas-expo\/\"><span class=\"screen-reader-text\">Read more about The Nature Art Gallery &#8211; A Christmas Expo<\/span>[&#8230;]<\/a><\/p>\n","protected":false},"author":10,"featured_media":0,"parent":0,"menu_order":0,"comment_status":"closed","ping_status":"closed","template":"","meta":[],"tags":[],"yoast_head":"<!-- This site is optimized with the Yoast SEO plugin v19.10 - https:\/\/yoast.com\/wordpress\/plugins\/seo\/ -->\n<title>The-Nature-Art Gallery-A-Christmas-Expo-Arte-Contemporanea<\/title>\n<meta name=\"description\" content=\"The Nature Art Gallery - A Christmas Expo, The Glittering Branches Of The Christmas Tree Nell\u2019arte Contemporanea. La mostra raccoglie le diverse percezioni\" \/>\n<meta name=\"robots\" content=\"index, follow, max-snippet:-1, max-image-preview:large, max-video-preview:-1\" \/>\n<link rel=\"canonical\" href=\"https:\/\/news-immobilsarda.it\/staging\/the-nature-art-gallery-a-christmas-expo\/\" \/>\n<meta property=\"og:locale\" content=\"en_US\" \/>\n<meta property=\"og:type\" content=\"article\" \/>\n<meta property=\"og:title\" content=\"The-Nature-Art Gallery-A-Christmas-Expo-Arte-Contemporanea\" \/>\n<meta property=\"og:description\" content=\"The Nature Art Gallery - A Christmas Expo, The Glittering Branches Of The Christmas Tree Nell\u2019arte Contemporanea. La mostra raccoglie le diverse percezioni\" \/>\n<meta property=\"og:url\" content=\"https:\/\/news-immobilsarda.it\/staging\/the-nature-art-gallery-a-christmas-expo\/\" \/>\n<meta property=\"og:site_name\" content=\"Le ultime novit\u00e0 dal mondo Immobilsarda\" \/>\n<meta property=\"article:publisher\" content=\"https:\/\/www.facebook.com\/pages\/Immobilsarda\/294305933966324?ref=hl\" \/>\n<meta property=\"article:modified_time\" content=\"2018-01-13T12:02:59+00:00\" \/>\n<meta property=\"og:image\" content=\"https:\/\/news-immobilsarda.it\/staging\/wp-content\/uploads\/2018\/01\/0001.jpg\" \/>\n<meta name=\"twitter:label1\" content=\"Est. reading time\" \/>\n\t<meta name=\"twitter:data1\" content=\"3 minutes\" \/>\n<script type=\"application\/ld+json\" class=\"yoast-schema-graph\">{\"@context\":\"https:\/\/schema.org\",\"@graph\":[{\"@type\":\"WebPage\",\"@id\":\"https:\/\/news-immobilsarda.it\/staging\/the-nature-art-gallery-a-christmas-expo\/\",\"url\":\"https:\/\/news-immobilsarda.it\/staging\/the-nature-art-gallery-a-christmas-expo\/\",\"name\":\"The-Nature-Art Gallery-A-Christmas-Expo-Arte-Contemporanea\",\"isPartOf\":{\"@id\":\"https:\/\/news-immobilsarda.it\/staging\/#website\"},\"datePublished\":\"2017-12-14T11:11:20+00:00\",\"dateModified\":\"2018-01-13T12:02:59+00:00\",\"description\":\"The Nature Art Gallery - A Christmas Expo, The Glittering Branches Of The Christmas Tree Nell\u2019arte Contemporanea. La mostra raccoglie le diverse percezioni\",\"inLanguage\":\"en-US\",\"potentialAction\":[{\"@type\":\"ReadAction\",\"target\":[\"https:\/\/news-immobilsarda.it\/staging\/the-nature-art-gallery-a-christmas-expo\/\"]}]},{\"@type\":\"WebSite\",\"@id\":\"https:\/\/news-immobilsarda.it\/staging\/#website\",\"url\":\"https:\/\/news-immobilsarda.it\/staging\/\",\"name\":\"Le ultime novit\u00e0 dal mondo Immobilsarda\",\"description\":\"Immobili di lusso nel nord della Sardegna\",\"publisher\":{\"@id\":\"https:\/\/news-immobilsarda.it\/staging\/#organization\"},\"potentialAction\":[{\"@type\":\"SearchAction\",\"target\":{\"@type\":\"EntryPoint\",\"urlTemplate\":\"https:\/\/news-immobilsarda.it\/staging\/?s={search_term_string}\"},\"query-input\":\"required name=search_term_string\"}],\"inLanguage\":\"en-US\"},{\"@type\":\"Organization\",\"@id\":\"https:\/\/news-immobilsarda.it\/staging\/#organization\",\"name\":\"ImmobilSarda\",\"url\":\"https:\/\/news-immobilsarda.it\/staging\/\",\"logo\":{\"@type\":\"ImageObject\",\"inLanguage\":\"en-US\",\"@id\":\"https:\/\/news-immobilsarda.it\/staging\/#\/schema\/logo\/image\/\",\"url\":\"https:\/\/news-immobilsarda.it\/staging\/wp-content\/uploads\/2016\/10\/logo-ims-blue-red.jpg\",\"contentUrl\":\"https:\/\/news-immobilsarda.it\/staging\/wp-content\/uploads\/2016\/10\/logo-ims-blue-red.jpg\",\"width\":383,\"height\":43,\"caption\":\"ImmobilSarda\"},\"image\":{\"@id\":\"https:\/\/news-immobilsarda.it\/staging\/#\/schema\/logo\/image\/\"},\"sameAs\":[\"https:\/\/www.facebook.com\/pages\/Immobilsarda\/294305933966324?ref=hl\"]}]}<\/script>\n<!-- \/ Yoast SEO plugin. -->","yoast_head_json":{"title":"The-Nature-Art Gallery-A-Christmas-Expo-Arte-Contemporanea","description":"The Nature Art Gallery - A Christmas Expo, The Glittering Branches Of The Christmas Tree Nell\u2019arte Contemporanea. La mostra raccoglie le diverse percezioni","robots":{"index":"index","follow":"follow","max-snippet":"max-snippet:-1","max-image-preview":"max-image-preview:large","max-video-preview":"max-video-preview:-1"},"canonical":"https:\/\/news-immobilsarda.it\/staging\/the-nature-art-gallery-a-christmas-expo\/","og_locale":"en_US","og_type":"article","og_title":"The-Nature-Art Gallery-A-Christmas-Expo-Arte-Contemporanea","og_description":"The Nature Art Gallery - A Christmas Expo, The Glittering Branches Of The Christmas Tree Nell\u2019arte Contemporanea. La mostra raccoglie le diverse percezioni","og_url":"https:\/\/news-immobilsarda.it\/staging\/the-nature-art-gallery-a-christmas-expo\/","og_site_name":"Le ultime novit\u00e0 dal mondo Immobilsarda","article_publisher":"https:\/\/www.facebook.com\/pages\/Immobilsarda\/294305933966324?ref=hl","article_modified_time":"2018-01-13T12:02:59+00:00","og_image":[{"url":"https:\/\/news-immobilsarda.it\/staging\/wp-content\/uploads\/2018\/01\/0001.jpg"}],"twitter_misc":{"Est. reading time":"3 minutes"},"schema":{"@context":"https:\/\/schema.org","@graph":[{"@type":"WebPage","@id":"https:\/\/news-immobilsarda.it\/staging\/the-nature-art-gallery-a-christmas-expo\/","url":"https:\/\/news-immobilsarda.it\/staging\/the-nature-art-gallery-a-christmas-expo\/","name":"The-Nature-Art Gallery-A-Christmas-Expo-Arte-Contemporanea","isPartOf":{"@id":"https:\/\/news-immobilsarda.it\/staging\/#website"},"datePublished":"2017-12-14T11:11:20+00:00","dateModified":"2018-01-13T12:02:59+00:00","description":"The Nature Art Gallery - A Christmas Expo, The Glittering Branches Of The Christmas Tree Nell\u2019arte Contemporanea. La mostra raccoglie le diverse percezioni","inLanguage":"en-US","potentialAction":[{"@type":"ReadAction","target":["https:\/\/news-immobilsarda.it\/staging\/the-nature-art-gallery-a-christmas-expo\/"]}]},{"@type":"WebSite","@id":"https:\/\/news-immobilsarda.it\/staging\/#website","url":"https:\/\/news-immobilsarda.it\/staging\/","name":"Le ultime novit\u00e0 dal mondo Immobilsarda","description":"Immobili di lusso nel nord della Sardegna","publisher":{"@id":"https:\/\/news-immobilsarda.it\/staging\/#organization"},"potentialAction":[{"@type":"SearchAction","target":{"@type":"EntryPoint","urlTemplate":"https:\/\/news-immobilsarda.it\/staging\/?s={search_term_string}"},"query-input":"required name=search_term_string"}],"inLanguage":"en-US"},{"@type":"Organization","@id":"https:\/\/news-immobilsarda.it\/staging\/#organization","name":"ImmobilSarda","url":"https:\/\/news-immobilsarda.it\/staging\/","logo":{"@type":"ImageObject","inLanguage":"en-US","@id":"https:\/\/news-immobilsarda.it\/staging\/#\/schema\/logo\/image\/","url":"https:\/\/news-immobilsarda.it\/staging\/wp-content\/uploads\/2016\/10\/logo-ims-blue-red.jpg","contentUrl":"https:\/\/news-immobilsarda.it\/staging\/wp-content\/uploads\/2016\/10\/logo-ims-blue-red.jpg","width":383,"height":43,"caption":"ImmobilSarda"},"image":{"@id":"https:\/\/news-immobilsarda.it\/staging\/#\/schema\/logo\/image\/"},"sameAs":["https:\/\/www.facebook.com\/pages\/Immobilsarda\/294305933966324?ref=hl"]}]}},"jetpack_shortlink":"https:\/\/wp.me\/PehXTj-KQ","jetpack_sharing_enabled":true,"jetpack-related-posts":[],"jetpack_likes_enabled":true,"amp_enabled":true,"_links":{"self":[{"href":"https:\/\/news-immobilsarda.it\/staging\/wp-json\/wp\/v2\/pages\/2904"}],"collection":[{"href":"https:\/\/news-immobilsarda.it\/staging\/wp-json\/wp\/v2\/pages"}],"about":[{"href":"https:\/\/news-immobilsarda.it\/staging\/wp-json\/wp\/v2\/types\/page"}],"author":[{"embeddable":true,"href":"https:\/\/news-immobilsarda.it\/staging\/wp-json\/wp\/v2\/users\/10"}],"replies":[{"embeddable":true,"href":"https:\/\/news-immobilsarda.it\/staging\/wp-json\/wp\/v2\/comments?post=2904"}],"version-history":[{"count":9,"href":"https:\/\/news-immobilsarda.it\/staging\/wp-json\/wp\/v2\/pages\/2904\/revisions"}],"predecessor-version":[{"id":3079,"href":"https:\/\/news-immobilsarda.it\/staging\/wp-json\/wp\/v2\/pages\/2904\/revisions\/3079"}],"wp:attachment":[{"href":"https:\/\/news-immobilsarda.it\/staging\/wp-json\/wp\/v2\/media?parent=2904"}],"wp:term":[{"taxonomy":"post_tag","embeddable":true,"href":"https:\/\/news-immobilsarda.it\/staging\/wp-json\/wp\/v2\/tags?post=2904"}],"curies":[{"name":"wp","href":"https:\/\/api.w.org\/{rel}","templated":true}]}}