{"id":2952,"date":"2018-01-11T09:17:52","date_gmt":"2018-01-11T09:17:52","guid":{"rendered":"https:\/\/news-immobilsarda.it\/staging\/?page_id=2952"},"modified":"2018-01-12T09:26:44","modified_gmt":"2018-01-12T09:26:44","slug":"eliane-aerts-at-the-nature-art-gallery","status":"publish","type":"page","link":"https:\/\/news-immobilsarda.it\/staging\/eliane-aerts-at-the-nature-art-gallery\/","title":{"rendered":"Eliane Aerts at The Nature Art Gallery"},"content":{"rendered":"<p style=\"text-align: center;\"><img data-attachment-id=\"2866\" data-permalink=\"https:\/\/news-immobilsarda.it\/staging\/eliane-aerts-a-the-nature-art-gallery\/e-aerts\/\" data-orig-file=\"https:\/\/news-immobilsarda.it\/staging\/wp-content\/uploads\/2018\/01\/E.Aerts_.jpg\" data-orig-size=\"720,1026\" data-comments-opened=\"0\" data-image-meta=\"{&quot;aperture&quot;:&quot;0&quot;,&quot;credit&quot;:&quot;&quot;,&quot;camera&quot;:&quot;&quot;,&quot;caption&quot;:&quot;&quot;,&quot;created_timestamp&quot;:&quot;0&quot;,&quot;copyright&quot;:&quot;&quot;,&quot;focal_length&quot;:&quot;0&quot;,&quot;iso&quot;:&quot;0&quot;,&quot;shutter_speed&quot;:&quot;0&quot;,&quot;title&quot;:&quot;&quot;,&quot;orientation&quot;:&quot;0&quot;}\" data-image-title=\"E.Aerts\" data-image-description=\"\" data-image-caption=\"\" data-medium-file=\"https:\/\/news-immobilsarda.it\/staging\/wp-content\/uploads\/2018\/01\/E.Aerts_-211x300.jpg\" data-large-file=\"https:\/\/news-immobilsarda.it\/staging\/wp-content\/uploads\/2018\/01\/E.Aerts_-719x1024.jpg\" decoding=\"async\" loading=\"lazy\" class=\"aligncenter wp-image-2866 size-full\" src=\"https:\/\/news-immobilsarda.it\/staging\/wp-content\/uploads\/2018\/01\/E.Aerts_.jpg\" alt=\"eliane-aerts-at-the-nature-art-gallery\" width=\"720\" height=\"1026\" srcset=\"https:\/\/news-immobilsarda.it\/staging\/wp-content\/uploads\/2018\/01\/E.Aerts_.jpg 720w, https:\/\/news-immobilsarda.it\/staging\/wp-content\/uploads\/2018\/01\/E.Aerts_-211x300.jpg 211w, https:\/\/news-immobilsarda.it\/staging\/wp-content\/uploads\/2018\/01\/E.Aerts_-719x1024.jpg 719w\" sizes=\"(max-width: 720px) 100vw, 720px\" \/><\/p>\n<p><em><strong>Eliane Aerts, Belgium<\/strong><\/em><br \/>\n<em><strong> No\u00ebl en Po\u00e9sie. 2017 Oil on Canvas, 75 x 60 cm<\/strong><\/em><\/p>\n<p><em>&#8220;Des milliers et des milliers d\u2019ann\u00e9es,<\/em><br \/>\n<em> Ne sauraient suffire, Pour dire<\/em><br \/>\n<em> La petite seconde d\u2019\u00e9ternit\u00e9, O\u00f9 tu m\u2019as embrass\u00e9<\/em><br \/>\n<em> O\u00f9 je t\u2019ai embrass\u00e8e, Un matin dans la lumi\u00e8re de l\u2019hiver<\/em><br \/>\n<em> Au parc Montsouris \u00e0 Paris, A Paris<\/em><br \/>\n<em> Sur la terre, La terre qui est un astre.\u201d<\/em><br \/>\n<strong><em>Jacques Pr\u00e9vert &#8211; Le Jardin<\/em><\/strong><\/p>\n<p>&nbsp;<\/p>\n<p>Eliane Aerts, daughter of a great Belgian painter, under the lead of his father, mastered the pencil drawing from an early age and soon after he experiences deep attraction to colors.<\/p>\n<p>The father, therefore, feels the need to enroll her all Academy of Fine Arts, in Antwerp, entrusting it to the wise guidance of excellent masters. Eliane later she moved to Paris where she improves her skills at <a href=\"http:\/\/www.grande-chaumiere.fr\/fr\/\" target=\"_blank\" rel=\"noopener\">Grande Chaumi\u00e8re\u00a0Academy<\/a>.<\/p>\n<p>She gained her artist experiences in Provence, Spain, Germany, and Denmark and later lived in San Pantaleo, small Gallura borough which she herself has contributed to making unique in its decorative kind and that feels like her second home, where he also worked as interior design, featuring with the most important of Costa Smeralda architects.<\/p>\n<p>&nbsp;<\/p>\n","protected":false},"excerpt":{"rendered":"<p>Eliane Aerts, Belgium No\u00ebl en Po\u00e9sie. 2017 Oil on Canvas, 75 x 60 cm &#8220;Des milliers et des milliers d\u2019ann\u00e9es, Ne sauraient suffire, Pour dire La petite seconde d\u2019\u00e9ternit\u00e9, O\u00f9 tu m\u2019as embrass\u00e9 O\u00f9 je t\u2019ai embrass\u00e8e, Un matin dans la lumi\u00e8re de l\u2019hiver Au parc Montsouris \u00e0 Paris, A Paris Sur la terre, La<a class=\"moretag\" href=\"https:\/\/news-immobilsarda.it\/staging\/eliane-aerts-at-the-nature-art-gallery\/\"><span class=\"screen-reader-text\">Read more about Eliane Aerts at The Nature Art Gallery<\/span>[&#8230;]<\/a><\/p>\n","protected":false},"author":10,"featured_media":0,"parent":0,"menu_order":0,"comment_status":"closed","ping_status":"closed","template":"","meta":[],"tags":[376],"yoast_head":"<!-- This site is optimized with the Yoast SEO plugin v19.10 - https:\/\/yoast.com\/wordpress\/plugins\/seo\/ -->\n<title>Eliane-Aerts-at-The-Nature-Art-Gallery-Noel-en-Poesie-oil-on-canvas-2017<\/title>\n<meta name=\"description\" content=\"Eliane Aerts at The Nature Art Gallery. She gained her artist experiences in Provence, Spain, Germany, and Denmark and later lived in San Pantaleo, small Gallura borough which she herself has contributed to making unique in its decorative kind and that feels like her second home\" \/>\n<meta name=\"robots\" content=\"index, follow, max-snippet:-1, max-image-preview:large, max-video-preview:-1\" \/>\n<link rel=\"canonical\" href=\"https:\/\/news-immobilsarda.it\/staging\/eliane-aerts-at-the-nature-art-gallery\/\" \/>\n<meta property=\"og:locale\" content=\"en_US\" \/>\n<meta property=\"og:type\" content=\"article\" \/>\n<meta property=\"og:title\" content=\"Eliane-Aerts-at-The-Nature-Art-Gallery-Noel-en-Poesie-oil-on-canvas-2017\" \/>\n<meta property=\"og:description\" content=\"Eliane Aerts at The Nature Art Gallery. She gained her artist experiences in Provence, Spain, Germany, and Denmark and later lived in San Pantaleo, small Gallura borough which she herself has contributed to making unique in its decorative kind and that feels like her second home\" \/>\n<meta property=\"og:url\" content=\"https:\/\/news-immobilsarda.it\/staging\/eliane-aerts-at-the-nature-art-gallery\/\" \/>\n<meta property=\"og:site_name\" content=\"Le ultime novit\u00e0 dal mondo Immobilsarda\" \/>\n<meta property=\"article:publisher\" content=\"https:\/\/www.facebook.com\/pages\/Immobilsarda\/294305933966324?ref=hl\" \/>\n<meta property=\"article:modified_time\" content=\"2018-01-12T09:26:44+00:00\" \/>\n<meta property=\"og:image\" content=\"https:\/\/news-immobilsarda.it\/staging\/wp-content\/uploads\/2018\/01\/E.Aerts_.jpg\" \/>\n<meta name=\"twitter:label1\" content=\"Est. reading time\" \/>\n\t<meta name=\"twitter:data1\" content=\"1 minute\" \/>\n<script type=\"application\/ld+json\" class=\"yoast-schema-graph\">{\"@context\":\"https:\/\/schema.org\",\"@graph\":[{\"@type\":\"WebPage\",\"@id\":\"https:\/\/news-immobilsarda.it\/staging\/eliane-aerts-at-the-nature-art-gallery\/\",\"url\":\"https:\/\/news-immobilsarda.it\/staging\/eliane-aerts-at-the-nature-art-gallery\/\",\"name\":\"Eliane-Aerts-at-The-Nature-Art-Gallery-Noel-en-Poesie-oil-on-canvas-2017\",\"isPartOf\":{\"@id\":\"https:\/\/news-immobilsarda.it\/staging\/#website\"},\"datePublished\":\"2018-01-11T09:17:52+00:00\",\"dateModified\":\"2018-01-12T09:26:44+00:00\",\"description\":\"Eliane Aerts at The Nature Art Gallery. She gained her artist experiences in Provence, Spain, Germany, and Denmark and later lived in San Pantaleo, small Gallura borough which she herself has contributed to making unique in its decorative kind and that feels like her second home\",\"inLanguage\":\"en-US\",\"potentialAction\":[{\"@type\":\"ReadAction\",\"target\":[\"https:\/\/news-immobilsarda.it\/staging\/eliane-aerts-at-the-nature-art-gallery\/\"]}]},{\"@type\":\"WebSite\",\"@id\":\"https:\/\/news-immobilsarda.it\/staging\/#website\",\"url\":\"https:\/\/news-immobilsarda.it\/staging\/\",\"name\":\"Le ultime novit\u00e0 dal mondo Immobilsarda\",\"description\":\"Immobili di lusso nel nord della Sardegna\",\"publisher\":{\"@id\":\"https:\/\/news-immobilsarda.it\/staging\/#organization\"},\"potentialAction\":[{\"@type\":\"SearchAction\",\"target\":{\"@type\":\"EntryPoint\",\"urlTemplate\":\"https:\/\/news-immobilsarda.it\/staging\/?s={search_term_string}\"},\"query-input\":\"required name=search_term_string\"}],\"inLanguage\":\"en-US\"},{\"@type\":\"Organization\",\"@id\":\"https:\/\/news-immobilsarda.it\/staging\/#organization\",\"name\":\"ImmobilSarda\",\"url\":\"https:\/\/news-immobilsarda.it\/staging\/\",\"logo\":{\"@type\":\"ImageObject\",\"inLanguage\":\"en-US\",\"@id\":\"https:\/\/news-immobilsarda.it\/staging\/#\/schema\/logo\/image\/\",\"url\":\"https:\/\/news-immobilsarda.it\/staging\/wp-content\/uploads\/2016\/10\/logo-ims-blue-red.jpg\",\"contentUrl\":\"https:\/\/news-immobilsarda.it\/staging\/wp-content\/uploads\/2016\/10\/logo-ims-blue-red.jpg\",\"width\":383,\"height\":43,\"caption\":\"ImmobilSarda\"},\"image\":{\"@id\":\"https:\/\/news-immobilsarda.it\/staging\/#\/schema\/logo\/image\/\"},\"sameAs\":[\"https:\/\/www.facebook.com\/pages\/Immobilsarda\/294305933966324?ref=hl\"]}]}<\/script>\n<!-- \/ Yoast SEO plugin. -->","yoast_head_json":{"title":"Eliane-Aerts-at-The-Nature-Art-Gallery-Noel-en-Poesie-oil-on-canvas-2017","description":"Eliane Aerts at The Nature Art Gallery. She gained her artist experiences in Provence, Spain, Germany, and Denmark and later lived in San Pantaleo, small Gallura borough which she herself has contributed to making unique in its decorative kind and that feels like her second home","robots":{"index":"index","follow":"follow","max-snippet":"max-snippet:-1","max-image-preview":"max-image-preview:large","max-video-preview":"max-video-preview:-1"},"canonical":"https:\/\/news-immobilsarda.it\/staging\/eliane-aerts-at-the-nature-art-gallery\/","og_locale":"en_US","og_type":"article","og_title":"Eliane-Aerts-at-The-Nature-Art-Gallery-Noel-en-Poesie-oil-on-canvas-2017","og_description":"Eliane Aerts at The Nature Art Gallery. She gained her artist experiences in Provence, Spain, Germany, and Denmark and later lived in San Pantaleo, small Gallura borough which she herself has contributed to making unique in its decorative kind and that feels like her second home","og_url":"https:\/\/news-immobilsarda.it\/staging\/eliane-aerts-at-the-nature-art-gallery\/","og_site_name":"Le ultime novit\u00e0 dal mondo Immobilsarda","article_publisher":"https:\/\/www.facebook.com\/pages\/Immobilsarda\/294305933966324?ref=hl","article_modified_time":"2018-01-12T09:26:44+00:00","og_image":[{"url":"https:\/\/news-immobilsarda.it\/staging\/wp-content\/uploads\/2018\/01\/E.Aerts_.jpg"}],"twitter_misc":{"Est. reading time":"1 minute"},"schema":{"@context":"https:\/\/schema.org","@graph":[{"@type":"WebPage","@id":"https:\/\/news-immobilsarda.it\/staging\/eliane-aerts-at-the-nature-art-gallery\/","url":"https:\/\/news-immobilsarda.it\/staging\/eliane-aerts-at-the-nature-art-gallery\/","name":"Eliane-Aerts-at-The-Nature-Art-Gallery-Noel-en-Poesie-oil-on-canvas-2017","isPartOf":{"@id":"https:\/\/news-immobilsarda.it\/staging\/#website"},"datePublished":"2018-01-11T09:17:52+00:00","dateModified":"2018-01-12T09:26:44+00:00","description":"Eliane Aerts at The Nature Art Gallery. She gained her artist experiences in Provence, Spain, Germany, and Denmark and later lived in San Pantaleo, small Gallura borough which she herself has contributed to making unique in its decorative kind and that feels like her second home","inLanguage":"en-US","potentialAction":[{"@type":"ReadAction","target":["https:\/\/news-immobilsarda.it\/staging\/eliane-aerts-at-the-nature-art-gallery\/"]}]},{"@type":"WebSite","@id":"https:\/\/news-immobilsarda.it\/staging\/#website","url":"https:\/\/news-immobilsarda.it\/staging\/","name":"Le ultime novit\u00e0 dal mondo Immobilsarda","description":"Immobili di lusso nel nord della Sardegna","publisher":{"@id":"https:\/\/news-immobilsarda.it\/staging\/#organization"},"potentialAction":[{"@type":"SearchAction","target":{"@type":"EntryPoint","urlTemplate":"https:\/\/news-immobilsarda.it\/staging\/?s={search_term_string}"},"query-input":"required name=search_term_string"}],"inLanguage":"en-US"},{"@type":"Organization","@id":"https:\/\/news-immobilsarda.it\/staging\/#organization","name":"ImmobilSarda","url":"https:\/\/news-immobilsarda.it\/staging\/","logo":{"@type":"ImageObject","inLanguage":"en-US","@id":"https:\/\/news-immobilsarda.it\/staging\/#\/schema\/logo\/image\/","url":"https:\/\/news-immobilsarda.it\/staging\/wp-content\/uploads\/2016\/10\/logo-ims-blue-red.jpg","contentUrl":"https:\/\/news-immobilsarda.it\/staging\/wp-content\/uploads\/2016\/10\/logo-ims-blue-red.jpg","width":383,"height":43,"caption":"ImmobilSarda"},"image":{"@id":"https:\/\/news-immobilsarda.it\/staging\/#\/schema\/logo\/image\/"},"sameAs":["https:\/\/www.facebook.com\/pages\/Immobilsarda\/294305933966324?ref=hl"]}]}},"jetpack_shortlink":"https:\/\/wp.me\/PehXTj-LC","jetpack_sharing_enabled":true,"jetpack-related-posts":[],"jetpack_likes_enabled":true,"amp_enabled":true,"_links":{"self":[{"href":"https:\/\/news-immobilsarda.it\/staging\/wp-json\/wp\/v2\/pages\/2952"}],"collection":[{"href":"https:\/\/news-immobilsarda.it\/staging\/wp-json\/wp\/v2\/pages"}],"about":[{"href":"https:\/\/news-immobilsarda.it\/staging\/wp-json\/wp\/v2\/types\/page"}],"author":[{"embeddable":true,"href":"https:\/\/news-immobilsarda.it\/staging\/wp-json\/wp\/v2\/users\/10"}],"replies":[{"embeddable":true,"href":"https:\/\/news-immobilsarda.it\/staging\/wp-json\/wp\/v2\/comments?post=2952"}],"version-history":[{"count":5,"href":"https:\/\/news-immobilsarda.it\/staging\/wp-json\/wp\/v2\/pages\/2952\/revisions"}],"predecessor-version":[{"id":2986,"href":"https:\/\/news-immobilsarda.it\/staging\/wp-json\/wp\/v2\/pages\/2952\/revisions\/2986"}],"wp:attachment":[{"href":"https:\/\/news-immobilsarda.it\/staging\/wp-json\/wp\/v2\/media?parent=2952"}],"wp:term":[{"taxonomy":"post_tag","embeddable":true,"href":"https:\/\/news-immobilsarda.it\/staging\/wp-json\/wp\/v2\/tags?post=2952"}],"curies":[{"name":"wp","href":"https:\/\/api.w.org\/{rel}","templated":true}]}}