{"id":3267,"date":"2018-02-06T13:49:50","date_gmt":"2018-02-06T13:49:50","guid":{"rendered":"https:\/\/news-immobilsarda.it\/staging\/?page_id=3267"},"modified":"2018-02-06T13:49:50","modified_gmt":"2018-02-06T13:49:50","slug":"nuovi-collegamenti-stradali-in-sardegna","status":"publish","type":"page","link":"https:\/\/news-immobilsarda.it\/staging\/nuovi-collegamenti-stradali-in-sardegna\/","title":{"rendered":"Nuovi Collegamenti Stradali in Sardegna"},"content":{"rendered":"<p style=\"text-align: center;\"><img data-attachment-id=\"3268\" data-permalink=\"https:\/\/news-immobilsarda.it\/staging\/nuovi-collegamenti-stradali-in-sardegna\/infrastrutturestradali\/\" data-orig-file=\"https:\/\/news-immobilsarda.it\/staging\/wp-content\/uploads\/2018\/02\/infrastrutturestradali.jpg\" data-orig-size=\"823,463\" data-comments-opened=\"0\" data-image-meta=\"{&quot;aperture&quot;:&quot;0&quot;,&quot;credit&quot;:&quot;&quot;,&quot;camera&quot;:&quot;&quot;,&quot;caption&quot;:&quot;&quot;,&quot;created_timestamp&quot;:&quot;0&quot;,&quot;copyright&quot;:&quot;&quot;,&quot;focal_length&quot;:&quot;0&quot;,&quot;iso&quot;:&quot;0&quot;,&quot;shutter_speed&quot;:&quot;0&quot;,&quot;title&quot;:&quot;&quot;,&quot;orientation&quot;:&quot;0&quot;}\" data-image-title=\"infrastrutturestradali\" data-image-description=\"\" data-image-caption=\"\" data-medium-file=\"https:\/\/news-immobilsarda.it\/staging\/wp-content\/uploads\/2018\/02\/infrastrutturestradali-300x169.jpg\" data-large-file=\"https:\/\/news-immobilsarda.it\/staging\/wp-content\/uploads\/2018\/02\/infrastrutturestradali.jpg\" decoding=\"async\" loading=\"lazy\" class=\"aligncenter wp-image-3268 size-full\" src=\"https:\/\/news-immobilsarda.it\/staging\/wp-content\/uploads\/2018\/02\/infrastrutturestradali.jpg\" alt=\"nuovi-collegamenti-stradali-in-sardegna\" width=\"823\" height=\"463\" srcset=\"https:\/\/news-immobilsarda.it\/staging\/wp-content\/uploads\/2018\/02\/infrastrutturestradali.jpg 823w, https:\/\/news-immobilsarda.it\/staging\/wp-content\/uploads\/2018\/02\/infrastrutturestradali-300x169.jpg 300w, https:\/\/news-immobilsarda.it\/staging\/wp-content\/uploads\/2018\/02\/infrastrutturestradali-768x432.jpg 768w\" sizes=\"(max-width: 823px) 100vw, 823px\" \/><\/p>\n<p>Il 2017 \u00e8 stato sicuramente l&#8217;\u201canno del cambiamento&#8221; per la Sardegna.<\/p>\n<p>L&#8217;accordo tra la Regione Sardegna e Anas del 2015 ha portato alla realizzazione di nuove strade nel nord dell&#8217;isola, con l\u2019ampliamento della strada <a href=\"http:\/\/www.stradeeautostrade.it\/strade-e-autostrade\/la-nuova-sassari-olbia-un-collegamento-strategico-e-sicuro\/\" target=\"_blank\" rel=\"noopener\">Olbia-Sassari<\/a>, fondamentale per la viabilit\u00e0 nel nord dell&#8217;isola. L&#8217;intervento pi\u00f9 importante \u00e8 stato la realizzazione del lotto n\u00b0 9 all&#8217;ingresso del capoluogo gallurese, che circonda l&#8217;\u00a0<a href=\"https:\/\/www.geasar.it\/\" target=\"_blank\" rel=\"noopener\">Aeroporto Costa Smeralda<\/a>, con la costruzione di un collegamento con la Strada Statale 125 Orientale Sarda. Intervento da \u20ac 37,1 milioni.<\/p>\n<p>Sul fronte di <a href=\"https:\/\/www.sardegnaturismo.it\/it\/esplora\/sassari\" target=\"_blank\" rel=\"noopener\">Sassari<\/a>, sono stati completati i primi 2,4 km di strada della strada a 4 corsie, valore: \u20ac 49,6 milioni, e ampliato il lotto n\u00b0 7, dal km 61,4 al km 68,6, per il costo di \u20ac 94,6 milioni.<\/p>\n<p>Sono stati progettati lavori anche in <a href=\"http:\/\/www.turismo.ogliastra.it\/\" target=\"_blank\" rel=\"noopener\">Ogliastra<\/a> per la nuova s.s.125 nel lotto n\u00b0 1 da Tertenia a San Priamo, per un totale di \u20ac 58,2 milioni, e il lotto n\u00b0 4, tratto da Tertenia a Tortol\u00ec\u00a0 con un importo di \u20ac 40,4 milioni. E&#8217; in programma anche il completamento del tratto della s.s.131 che comprende la s.s. 23 alla s.s 32, per una spesa di \u20ac 55 milioni.<\/p>\n<p>Lo scopo \u00e8 mettere in sicurezza il percorso che va da Bauladu al bivio per Cossoine e Pozzomaggiore, dal km 119,5 al km 165. Valore: \u20ac 18,1 milioni. Poi sulla la s.s. 554, una delle strade pi\u00f9 trafficate della Sardegna che collega una vasta area intorno a <a href=\"https:\/\/www.sardegnaturismo.it\/it\/luoghi\/sud\/cagliari\" target=\"_blank\" rel=\"noopener\">Cagliari<\/a>, tutti i semafori posti lungo tutte le strade trasversali sono stati rimossi con un investimento di \u20ac 149,7 milioni di euro. L&#8217;intervento ha cambiato la qualit\u00e0 di vita ai 400 mila Sardi che percorrono quotidianamente quella strada.<\/p>\n<p>E &#8216;prevista entro Marzo la conclusione della manutenzione della s.s.291, il percorso che va da <a href=\"https:\/\/www.sardegnaturismo.it\/it\/luoghi\/nord-ovest\/alghero\" target=\"_blank\" rel=\"noopener\">Alghero<\/a> ad Olmedo, fino all&#8217;incrocio importantissimo per l&#8217; <a href=\"http:\/\/aeroportodialghero.it\/destinazioni.asp\" target=\"_blank\" rel=\"noopener\">Aeroporto Riviera del Corallo<\/a>. Costo: \u20ac 106 milioni. Gli ultimi\u00a0 \u20ac46 milioni da quel pacchetto di stanziamenti da \u20ac 1,1 miliardi verranno investiti per la riqualificazione delle aree circostanti. Sono stati inoltre realizzazati, un nuovo collegamento terrestre con l&#8217;isola di <a href=\"https:\/\/www.sardegnaturismo.it\/it\/luoghi\/sud\/santantioco\" target=\"_blank\" rel=\"noopener\">Sant&#8217;Antioco<\/a>, la s.s.126, ed \u00e8 stata restaurata la Sulcitana s.s.195 tra San Giovanni Suergiu e Giba. Costo: \u20ac 15 milioni.<\/p>\n<p>La regione Sardegna ha lavorato sodo per garantire che tutte queste risorse, messe a disposizione di ospiti e turisti, non portino solo vantaggi concreti in termini di miglioramento della percobilit\u00e0 su strada, ma anche dal punto di vista della sicurezza per tutti coloro che viaggiano.<\/p>\n<p>&nbsp;<\/p>\n","protected":false},"excerpt":{"rendered":"<p>Il 2017 \u00e8 stato sicuramente l&#8217;\u201canno del cambiamento&#8221; per la Sardegna. L&#8217;accordo tra la Regione Sardegna e Anas del 2015 ha portato alla realizzazione di nuove strade nel nord dell&#8217;isola, con l\u2019ampliamento della strada Olbia-Sassari, fondamentale per la viabilit\u00e0 nel nord dell&#8217;isola. L&#8217;intervento pi\u00f9 importante \u00e8 stato la realizzazione del lotto n\u00b0 9 all&#8217;ingresso del<a class=\"moretag\" href=\"https:\/\/news-immobilsarda.it\/staging\/nuovi-collegamenti-stradali-in-sardegna\/\"><span class=\"screen-reader-text\">Read more about Nuovi Collegamenti Stradali in Sardegna<\/span>[&#8230;]<\/a><\/p>\n","protected":false},"author":10,"featured_media":0,"parent":0,"menu_order":0,"comment_status":"closed","ping_status":"closed","template":"","meta":[],"tags":[],"yoast_head":"<!-- This site is optimized with the Yoast SEO plugin v19.10 - https:\/\/yoast.com\/wordpress\/plugins\/seo\/ -->\n<title>Nuovi Collegamenti Stradali in Sardegna - Rigenerazione dei Trasporti<\/title>\n<meta name=\"description\" content=\"Nuovi Collegamenti Stradali in Sardegna. La regione Sardegna ha lavorato sodo per garantire che tutte queste risorse, messe a disposizione di ospiti e turisti, non portino solo vantaggi concreti in termini di miglioramento della percobilit\u00e0 su strada, ma anche dal punto di vista della sicurezza\" \/>\n<meta name=\"robots\" content=\"index, follow, max-snippet:-1, max-image-preview:large, max-video-preview:-1\" \/>\n<link rel=\"canonical\" href=\"https:\/\/news-immobilsarda.it\/staging\/nuovi-collegamenti-stradali-in-sardegna\/\" \/>\n<meta property=\"og:locale\" content=\"en_US\" \/>\n<meta property=\"og:type\" content=\"article\" \/>\n<meta property=\"og:title\" content=\"Nuovi Collegamenti Stradali in Sardegna - Rigenerazione dei Trasporti\" \/>\n<meta property=\"og:description\" content=\"Nuovi Collegamenti Stradali in Sardegna. La regione Sardegna ha lavorato sodo per garantire che tutte queste risorse, messe a disposizione di ospiti e turisti, non portino solo vantaggi concreti in termini di miglioramento della percobilit\u00e0 su strada, ma anche dal punto di vista della sicurezza\" \/>\n<meta property=\"og:url\" content=\"https:\/\/news-immobilsarda.it\/staging\/nuovi-collegamenti-stradali-in-sardegna\/\" \/>\n<meta property=\"og:site_name\" content=\"Le ultime novit\u00e0 dal mondo Immobilsarda\" \/>\n<meta property=\"article:publisher\" content=\"https:\/\/www.facebook.com\/pages\/Immobilsarda\/294305933966324?ref=hl\" \/>\n<meta property=\"og:image\" content=\"https:\/\/news-immobilsarda.it\/staging\/wp-content\/uploads\/2018\/02\/infrastrutturestradali.jpg\" \/>\n<meta name=\"twitter:label1\" content=\"Est. reading time\" \/>\n\t<meta name=\"twitter:data1\" content=\"2 minutes\" \/>\n<script type=\"application\/ld+json\" class=\"yoast-schema-graph\">{\"@context\":\"https:\/\/schema.org\",\"@graph\":[{\"@type\":\"WebPage\",\"@id\":\"https:\/\/news-immobilsarda.it\/staging\/nuovi-collegamenti-stradali-in-sardegna\/\",\"url\":\"https:\/\/news-immobilsarda.it\/staging\/nuovi-collegamenti-stradali-in-sardegna\/\",\"name\":\"Nuovi Collegamenti Stradali in Sardegna - Rigenerazione dei Trasporti\",\"isPartOf\":{\"@id\":\"https:\/\/news-immobilsarda.it\/staging\/#website\"},\"datePublished\":\"2018-02-06T13:49:50+00:00\",\"dateModified\":\"2018-02-06T13:49:50+00:00\",\"description\":\"Nuovi Collegamenti Stradali in Sardegna. La regione Sardegna ha lavorato sodo per garantire che tutte queste risorse, messe a disposizione di ospiti e turisti, non portino solo vantaggi concreti in termini di miglioramento della percobilit\u00e0 su strada, ma anche dal punto di vista della sicurezza\",\"inLanguage\":\"en-US\",\"potentialAction\":[{\"@type\":\"ReadAction\",\"target\":[\"https:\/\/news-immobilsarda.it\/staging\/nuovi-collegamenti-stradali-in-sardegna\/\"]}]},{\"@type\":\"WebSite\",\"@id\":\"https:\/\/news-immobilsarda.it\/staging\/#website\",\"url\":\"https:\/\/news-immobilsarda.it\/staging\/\",\"name\":\"Le ultime novit\u00e0 dal mondo Immobilsarda\",\"description\":\"Immobili di lusso nel nord della Sardegna\",\"publisher\":{\"@id\":\"https:\/\/news-immobilsarda.it\/staging\/#organization\"},\"potentialAction\":[{\"@type\":\"SearchAction\",\"target\":{\"@type\":\"EntryPoint\",\"urlTemplate\":\"https:\/\/news-immobilsarda.it\/staging\/?s={search_term_string}\"},\"query-input\":\"required name=search_term_string\"}],\"inLanguage\":\"en-US\"},{\"@type\":\"Organization\",\"@id\":\"https:\/\/news-immobilsarda.it\/staging\/#organization\",\"name\":\"ImmobilSarda\",\"url\":\"https:\/\/news-immobilsarda.it\/staging\/\",\"logo\":{\"@type\":\"ImageObject\",\"inLanguage\":\"en-US\",\"@id\":\"https:\/\/news-immobilsarda.it\/staging\/#\/schema\/logo\/image\/\",\"url\":\"https:\/\/news-immobilsarda.it\/staging\/wp-content\/uploads\/2016\/10\/logo-ims-blue-red.jpg\",\"contentUrl\":\"https:\/\/news-immobilsarda.it\/staging\/wp-content\/uploads\/2016\/10\/logo-ims-blue-red.jpg\",\"width\":383,\"height\":43,\"caption\":\"ImmobilSarda\"},\"image\":{\"@id\":\"https:\/\/news-immobilsarda.it\/staging\/#\/schema\/logo\/image\/\"},\"sameAs\":[\"https:\/\/www.facebook.com\/pages\/Immobilsarda\/294305933966324?ref=hl\"]}]}<\/script>\n<!-- \/ Yoast SEO plugin. -->","yoast_head_json":{"title":"Nuovi Collegamenti Stradali in Sardegna - Rigenerazione dei Trasporti","description":"Nuovi Collegamenti Stradali in Sardegna. La regione Sardegna ha lavorato sodo per garantire che tutte queste risorse, messe a disposizione di ospiti e turisti, non portino solo vantaggi concreti in termini di miglioramento della percobilit\u00e0 su strada, ma anche dal punto di vista della sicurezza","robots":{"index":"index","follow":"follow","max-snippet":"max-snippet:-1","max-image-preview":"max-image-preview:large","max-video-preview":"max-video-preview:-1"},"canonical":"https:\/\/news-immobilsarda.it\/staging\/nuovi-collegamenti-stradali-in-sardegna\/","og_locale":"en_US","og_type":"article","og_title":"Nuovi Collegamenti Stradali in Sardegna - Rigenerazione dei Trasporti","og_description":"Nuovi Collegamenti Stradali in Sardegna. La regione Sardegna ha lavorato sodo per garantire che tutte queste risorse, messe a disposizione di ospiti e turisti, non portino solo vantaggi concreti in termini di miglioramento della percobilit\u00e0 su strada, ma anche dal punto di vista della sicurezza","og_url":"https:\/\/news-immobilsarda.it\/staging\/nuovi-collegamenti-stradali-in-sardegna\/","og_site_name":"Le ultime novit\u00e0 dal mondo Immobilsarda","article_publisher":"https:\/\/www.facebook.com\/pages\/Immobilsarda\/294305933966324?ref=hl","og_image":[{"url":"https:\/\/news-immobilsarda.it\/staging\/wp-content\/uploads\/2018\/02\/infrastrutturestradali.jpg"}],"twitter_misc":{"Est. reading time":"2 minutes"},"schema":{"@context":"https:\/\/schema.org","@graph":[{"@type":"WebPage","@id":"https:\/\/news-immobilsarda.it\/staging\/nuovi-collegamenti-stradali-in-sardegna\/","url":"https:\/\/news-immobilsarda.it\/staging\/nuovi-collegamenti-stradali-in-sardegna\/","name":"Nuovi Collegamenti Stradali in Sardegna - Rigenerazione dei Trasporti","isPartOf":{"@id":"https:\/\/news-immobilsarda.it\/staging\/#website"},"datePublished":"2018-02-06T13:49:50+00:00","dateModified":"2018-02-06T13:49:50+00:00","description":"Nuovi Collegamenti Stradali in Sardegna. La regione Sardegna ha lavorato sodo per garantire che tutte queste risorse, messe a disposizione di ospiti e turisti, non portino solo vantaggi concreti in termini di miglioramento della percobilit\u00e0 su strada, ma anche dal punto di vista della sicurezza","inLanguage":"en-US","potentialAction":[{"@type":"ReadAction","target":["https:\/\/news-immobilsarda.it\/staging\/nuovi-collegamenti-stradali-in-sardegna\/"]}]},{"@type":"WebSite","@id":"https:\/\/news-immobilsarda.it\/staging\/#website","url":"https:\/\/news-immobilsarda.it\/staging\/","name":"Le ultime novit\u00e0 dal mondo Immobilsarda","description":"Immobili di lusso nel nord della Sardegna","publisher":{"@id":"https:\/\/news-immobilsarda.it\/staging\/#organization"},"potentialAction":[{"@type":"SearchAction","target":{"@type":"EntryPoint","urlTemplate":"https:\/\/news-immobilsarda.it\/staging\/?s={search_term_string}"},"query-input":"required name=search_term_string"}],"inLanguage":"en-US"},{"@type":"Organization","@id":"https:\/\/news-immobilsarda.it\/staging\/#organization","name":"ImmobilSarda","url":"https:\/\/news-immobilsarda.it\/staging\/","logo":{"@type":"ImageObject","inLanguage":"en-US","@id":"https:\/\/news-immobilsarda.it\/staging\/#\/schema\/logo\/image\/","url":"https:\/\/news-immobilsarda.it\/staging\/wp-content\/uploads\/2016\/10\/logo-ims-blue-red.jpg","contentUrl":"https:\/\/news-immobilsarda.it\/staging\/wp-content\/uploads\/2016\/10\/logo-ims-blue-red.jpg","width":383,"height":43,"caption":"ImmobilSarda"},"image":{"@id":"https:\/\/news-immobilsarda.it\/staging\/#\/schema\/logo\/image\/"},"sameAs":["https:\/\/www.facebook.com\/pages\/Immobilsarda\/294305933966324?ref=hl"]}]}},"jetpack_shortlink":"https:\/\/wp.me\/PehXTj-QH","jetpack_sharing_enabled":true,"jetpack-related-posts":[],"jetpack_likes_enabled":true,"amp_enabled":true,"_links":{"self":[{"href":"https:\/\/news-immobilsarda.it\/staging\/wp-json\/wp\/v2\/pages\/3267"}],"collection":[{"href":"https:\/\/news-immobilsarda.it\/staging\/wp-json\/wp\/v2\/pages"}],"about":[{"href":"https:\/\/news-immobilsarda.it\/staging\/wp-json\/wp\/v2\/types\/page"}],"author":[{"embeddable":true,"href":"https:\/\/news-immobilsarda.it\/staging\/wp-json\/wp\/v2\/users\/10"}],"replies":[{"embeddable":true,"href":"https:\/\/news-immobilsarda.it\/staging\/wp-json\/wp\/v2\/comments?post=3267"}],"version-history":[{"count":6,"href":"https:\/\/news-immobilsarda.it\/staging\/wp-json\/wp\/v2\/pages\/3267\/revisions"}],"predecessor-version":[{"id":3327,"href":"https:\/\/news-immobilsarda.it\/staging\/wp-json\/wp\/v2\/pages\/3267\/revisions\/3327"}],"wp:attachment":[{"href":"https:\/\/news-immobilsarda.it\/staging\/wp-json\/wp\/v2\/media?parent=3267"}],"wp:term":[{"taxonomy":"post_tag","embeddable":true,"href":"https:\/\/news-immobilsarda.it\/staging\/wp-json\/wp\/v2\/tags?post=3267"}],"curies":[{"name":"wp","href":"https:\/\/api.w.org\/{rel}","templated":true}]}}