{"id":5401,"date":"2019-04-02T15:11:50","date_gmt":"2019-04-02T15:11:50","guid":{"rendered":"https:\/\/news-immobilsarda.it\/staging\/?page_id=5401"},"modified":"2019-04-05T13:10:59","modified_gmt":"2019-04-05T13:10:59","slug":"leonardo-horse-project-vito-nesta","status":"publish","type":"page","link":"https:\/\/news-immobilsarda.it\/staging\/leonardo-horse-project-vito-nesta\/","title":{"rendered":"Leonardo Horse Project &#8211; Vito Nesta"},"content":{"rendered":"<figure id=\"attachment_5404\" aria-describedby=\"caption-attachment-5404\" style=\"width: 405px\" class=\"wp-caption alignright\"><a href=\"https:\/\/news-immobilsarda.it\/staging\/wp-content\/uploads\/2019\/04\/vito_nesta.jpg\"><img data-attachment-id=\"5404\" data-permalink=\"https:\/\/news-immobilsarda.it\/staging\/leonardo-horse-project-vito-nesta\/vito_nesta\/\" data-orig-file=\"https:\/\/news-immobilsarda.it\/staging\/wp-content\/uploads\/2019\/04\/vito_nesta.jpg\" data-orig-size=\"1200,1201\" data-comments-opened=\"0\" data-image-meta=\"{&quot;aperture&quot;:&quot;4&quot;,&quot;credit&quot;:&quot;&quot;,&quot;camera&quot;:&quot;Canon EOS 6D&quot;,&quot;caption&quot;:&quot;&quot;,&quot;created_timestamp&quot;:&quot;1486398899&quot;,&quot;copyright&quot;:&quot;&quot;,&quot;focal_length&quot;:&quot;105&quot;,&quot;iso&quot;:&quot;640&quot;,&quot;shutter_speed&quot;:&quot;0.05&quot;,&quot;title&quot;:&quot;&quot;,&quot;orientation&quot;:&quot;1&quot;}\" data-image-title=\"vito_nesta\" data-image-description=\"\" data-image-caption=\"&lt;p&gt;Vito Nesta &#8211; Designer&lt;\/p&gt;\n\" data-medium-file=\"https:\/\/news-immobilsarda.it\/staging\/wp-content\/uploads\/2019\/04\/vito_nesta-300x300.jpg\" data-large-file=\"https:\/\/news-immobilsarda.it\/staging\/wp-content\/uploads\/2019\/04\/vito_nesta-1024x1024.jpg\" decoding=\"async\" loading=\"lazy\" class=\" wp-image-5404\" src=\"https:\/\/news-immobilsarda.it\/staging\/wp-content\/uploads\/2019\/04\/vito_nesta.jpg\" alt=\"vito_nesta\" width=\"405\" height=\"405\" srcset=\"https:\/\/news-immobilsarda.it\/staging\/wp-content\/uploads\/2019\/04\/vito_nesta.jpg 1200w, https:\/\/news-immobilsarda.it\/staging\/wp-content\/uploads\/2019\/04\/vito_nesta-150x150.jpg 150w, https:\/\/news-immobilsarda.it\/staging\/wp-content\/uploads\/2019\/04\/vito_nesta-300x300.jpg 300w, https:\/\/news-immobilsarda.it\/staging\/wp-content\/uploads\/2019\/04\/vito_nesta-768x769.jpg 768w, https:\/\/news-immobilsarda.it\/staging\/wp-content\/uploads\/2019\/04\/vito_nesta-1024x1024.jpg 1024w\" sizes=\"(max-width: 405px) 100vw, 405px\" \/><\/a><figcaption id=\"caption-attachment-5404\" class=\"wp-caption-text\">Vito Nesta &#8211; Designer<\/figcaption><\/figure>\n<p>Vito Nesta nasce in Puglia il 21 settembre 1987. Fino all\u2019et\u00e0 di 6 anni, Vito cresce immerso nella bucolica bellezza della campagna barese, a stretto contatto con gli animali, la vita delle masserie locali e una natura tanto affascinante quanto ruvida. Il suo rifugio \u00e8 un vecchio trullo abbandonato, circondato da succulenti fichi d\u2019india e accanto al quale troneggia un maestoso gelso rosso. L\u2019incontro con nonna Ernesta sar\u00e0 la prima vera svolta artistica della sua vita: nell\u2019eclettica ricerca di pezzi pi\u00f9 unici che rari di questa donna, infatti, Vito trover\u00e0 la sua prima vera fonte di ispirazione. La casa di nonna Ernesta racchiude carte da parati parigine degli anni \u201850, animali imbalsamati e trasformati in complementi d\u2019arredo, pezzi unici di famosi artigiani, preziose stoviglie lavorate a mano, ceramiche di Capodimonte, vetrerie di Murano e molto altro: impossibile per Vito resistere al richiamo di tanta ricercata bellezza e tenere a freno l\u2019innata creativit\u00e0 che, gi\u00e0 a quella giovanissima et\u00e0, lo contraddistingue.<\/p>\n<p>Dopo essersi laureato in Interior Design a Firenze, nel 2011 si trasferisce a Milano, sua citt\u00e0 di adozione ancora oggi. La sua insaziabile curiosit\u00e0 lo porta a viaggiare molto, da Caracas e Guadalupe, fino al Giappone, per poi tornare in Europa, alla continua scoperta di nuovi luoghi, culture e persone. Proprio questi luoghi, le esperienze e gli incontri durante i suoi viaggi rappresentano la principale fonte di ispirazione della sua arte, fonte da cui la sua creativit\u00e0 attinge costantemente. Altro spunto fondamentale di questo artista sono, per l\u2019appunto, i ricordi dell\u2019infanzia.<\/p>\n<p>Designer, art director, interior decorator e artigiano in prima persona, con la sua arte Vito Nesta spazia dalla grafica all\u2019architettura, passando per la fotografia e la pittura. Le sue opere, come gi\u00e0 detto ispirate ai suoi viaggi e alle memorie d\u2019infanzia, hanno un fortissimo potere evocativo, rimandano ad atmosfere suggestive di luoghi lontani, ma anche alla semplicit\u00e0 e alla genuinit\u00e0 degli oggetti quotidiani, come gli strumenti da cucito della nonna o quelli da barbiere del nonno. La bellezza di un paesaggio o la dolcezza di un ricordo si fondono in un connubio perfetto con uno dei valori fondamentali della societ\u00e0 odierna: la funzionalit\u00e0. Un ditale da sarta diviene infatti un grazioso porta vaso, mentre il pennello da barbiere si trasforma in un\u2019originalissima lampada.<\/p>\n<p>Pi\u00f9 elaborate le creazioni che nascono dai suoi viaggi, in cui temi paesaggistici, colori caratteristici e simboli iconici di paesi che siamo abituati a percepire come \u201cesotici\u201d entrano nella vita di tutti i giorni attraverso la decorazione di porcellane, tessuti, carte da parati e complementi d\u2019arredo, sia di utilizzo quotidiano che votati a un puro ruolo estetico.<\/p>\n<p>Solo nel 2017 Vito Nesta ha presentato oltre 40 progetti realizzati in collaborazione con Devon&amp;Devon, Fratelli Majello, Imarika, Les-Ottoms, Roche Bobois, Secondome Edizioni, Effetto Vetro, Texturae. L\u2019inesauribile creativit\u00e0 dell\u2019artista e la sua giovane et\u00e0 lasciano per\u00f2 presagire che questo non sia che l\u2019inizio di una produzione artistica che non potr\u00e0 che rivelarsi sempre originale e sorprendente.<\/p>\n<p><a href=\"http:\/\/www.vitonesta.com\/projects\">Scoprite le opere di Vito Nesta<\/a><\/p>\n","protected":false},"excerpt":{"rendered":"<p>Vito Nesta nasce in Puglia il 21 settembre 1987. Fino all\u2019et\u00e0 di 6 anni, Vito cresce immerso nella bucolica bellezza della campagna barese, a stretto contatto con gli animali, la vita delle masserie locali e una natura tanto affascinante quanto ruvida. Il suo rifugio \u00e8 un vecchio trullo abbandonato, circondato da succulenti fichi d\u2019india e<a class=\"moretag\" href=\"https:\/\/news-immobilsarda.it\/staging\/leonardo-horse-project-vito-nesta\/\"><span class=\"screen-reader-text\">Read more about Leonardo Horse Project &#8211; Vito Nesta<\/span>[&#8230;]<\/a><\/p>\n","protected":false},"author":1,"featured_media":5419,"parent":0,"menu_order":0,"comment_status":"closed","ping_status":"closed","template":"","meta":[],"tags":[420,523,376],"yoast_head":"<!-- This site is optimized with the Yoast SEO plugin v19.10 - https:\/\/yoast.com\/wordpress\/plugins\/seo\/ -->\n<title>Leonardo Horse Project - Vito Nesta - Le ultime novit\u00e0 dal mondo Immobilsarda<\/title>\n<meta name=\"description\" content=\"Vito Nesta nasce in Puglia il 21 settembre 1987. Fino all\u2019et\u00e0 di 6 anni, Vito cresce immerso nella bucolica bellezza della campagna barese, a stretto contatto con gli animali, la vita delle masserie locali e una natura tanto affascinante quanto ruvida.\" \/>\n<meta name=\"robots\" content=\"index, follow, max-snippet:-1, max-image-preview:large, max-video-preview:-1\" \/>\n<link rel=\"canonical\" href=\"https:\/\/news-immobilsarda.it\/staging\/leonardo-horse-project-vito-nesta\/\" \/>\n<meta property=\"og:locale\" content=\"en_US\" \/>\n<meta property=\"og:type\" content=\"article\" \/>\n<meta property=\"og:title\" content=\"Leonardo Horse Project - Vito Nesta - Le ultime novit\u00e0 dal mondo Immobilsarda\" \/>\n<meta property=\"og:description\" content=\"Vito Nesta nasce in Puglia il 21 settembre 1987. Fino all\u2019et\u00e0 di 6 anni, Vito cresce immerso nella bucolica bellezza della campagna barese, a stretto contatto con gli animali, la vita delle masserie locali e una natura tanto affascinante quanto ruvida.\" \/>\n<meta property=\"og:url\" content=\"https:\/\/news-immobilsarda.it\/staging\/leonardo-horse-project-vito-nesta\/\" \/>\n<meta property=\"og:site_name\" content=\"Le ultime novit\u00e0 dal mondo Immobilsarda\" \/>\n<meta property=\"article:publisher\" content=\"https:\/\/www.facebook.com\/pages\/Immobilsarda\/294305933966324?ref=hl\" \/>\n<meta property=\"article:modified_time\" content=\"2019-04-05T13:10:59+00:00\" \/>\n<meta property=\"og:image\" content=\"https:\/\/news-immobilsarda.it\/staging\/wp-content\/uploads\/2019\/04\/leonardo-horse2.png\" \/>\n\t<meta property=\"og:image:width\" content=\"565\" \/>\n\t<meta property=\"og:image:height\" content=\"330\" \/>\n\t<meta property=\"og:image:type\" content=\"image\/png\" \/>\n<meta name=\"twitter:label1\" content=\"Est. reading time\" \/>\n\t<meta name=\"twitter:data1\" content=\"3 minutes\" \/>\n<script type=\"application\/ld+json\" class=\"yoast-schema-graph\">{\"@context\":\"https:\/\/schema.org\",\"@graph\":[{\"@type\":\"WebPage\",\"@id\":\"https:\/\/news-immobilsarda.it\/staging\/leonardo-horse-project-vito-nesta\/\",\"url\":\"https:\/\/news-immobilsarda.it\/staging\/leonardo-horse-project-vito-nesta\/\",\"name\":\"Leonardo Horse Project - Vito Nesta - Le ultime novit\u00e0 dal mondo Immobilsarda\",\"isPartOf\":{\"@id\":\"https:\/\/news-immobilsarda.it\/staging\/#website\"},\"datePublished\":\"2019-04-02T15:11:50+00:00\",\"dateModified\":\"2019-04-05T13:10:59+00:00\",\"description\":\"Vito Nesta nasce in Puglia il 21 settembre 1987. Fino all\u2019et\u00e0 di 6 anni, Vito cresce immerso nella bucolica bellezza della campagna barese, a stretto contatto con gli animali, la vita delle masserie locali e una natura tanto affascinante quanto ruvida.\",\"inLanguage\":\"en-US\",\"potentialAction\":[{\"@type\":\"ReadAction\",\"target\":[\"https:\/\/news-immobilsarda.it\/staging\/leonardo-horse-project-vito-nesta\/\"]}]},{\"@type\":\"WebSite\",\"@id\":\"https:\/\/news-immobilsarda.it\/staging\/#website\",\"url\":\"https:\/\/news-immobilsarda.it\/staging\/\",\"name\":\"Le ultime novit\u00e0 dal mondo Immobilsarda\",\"description\":\"Immobili di lusso nel nord della Sardegna\",\"publisher\":{\"@id\":\"https:\/\/news-immobilsarda.it\/staging\/#organization\"},\"potentialAction\":[{\"@type\":\"SearchAction\",\"target\":{\"@type\":\"EntryPoint\",\"urlTemplate\":\"https:\/\/news-immobilsarda.it\/staging\/?s={search_term_string}\"},\"query-input\":\"required name=search_term_string\"}],\"inLanguage\":\"en-US\"},{\"@type\":\"Organization\",\"@id\":\"https:\/\/news-immobilsarda.it\/staging\/#organization\",\"name\":\"ImmobilSarda\",\"url\":\"https:\/\/news-immobilsarda.it\/staging\/\",\"logo\":{\"@type\":\"ImageObject\",\"inLanguage\":\"en-US\",\"@id\":\"https:\/\/news-immobilsarda.it\/staging\/#\/schema\/logo\/image\/\",\"url\":\"https:\/\/news-immobilsarda.it\/staging\/wp-content\/uploads\/2016\/10\/logo-ims-blue-red.jpg\",\"contentUrl\":\"https:\/\/news-immobilsarda.it\/staging\/wp-content\/uploads\/2016\/10\/logo-ims-blue-red.jpg\",\"width\":383,\"height\":43,\"caption\":\"ImmobilSarda\"},\"image\":{\"@id\":\"https:\/\/news-immobilsarda.it\/staging\/#\/schema\/logo\/image\/\"},\"sameAs\":[\"https:\/\/www.facebook.com\/pages\/Immobilsarda\/294305933966324?ref=hl\"]}]}<\/script>\n<!-- \/ Yoast SEO plugin. -->","yoast_head_json":{"title":"Leonardo Horse Project - Vito Nesta - Le ultime novit\u00e0 dal mondo Immobilsarda","description":"Vito Nesta nasce in Puglia il 21 settembre 1987. Fino all\u2019et\u00e0 di 6 anni, Vito cresce immerso nella bucolica bellezza della campagna barese, a stretto contatto con gli animali, la vita delle masserie locali e una natura tanto affascinante quanto ruvida.","robots":{"index":"index","follow":"follow","max-snippet":"max-snippet:-1","max-image-preview":"max-image-preview:large","max-video-preview":"max-video-preview:-1"},"canonical":"https:\/\/news-immobilsarda.it\/staging\/leonardo-horse-project-vito-nesta\/","og_locale":"en_US","og_type":"article","og_title":"Leonardo Horse Project - Vito Nesta - Le ultime novit\u00e0 dal mondo Immobilsarda","og_description":"Vito Nesta nasce in Puglia il 21 settembre 1987. Fino all\u2019et\u00e0 di 6 anni, Vito cresce immerso nella bucolica bellezza della campagna barese, a stretto contatto con gli animali, la vita delle masserie locali e una natura tanto affascinante quanto ruvida.","og_url":"https:\/\/news-immobilsarda.it\/staging\/leonardo-horse-project-vito-nesta\/","og_site_name":"Le ultime novit\u00e0 dal mondo Immobilsarda","article_publisher":"https:\/\/www.facebook.com\/pages\/Immobilsarda\/294305933966324?ref=hl","article_modified_time":"2019-04-05T13:10:59+00:00","og_image":[{"width":565,"height":330,"url":"https:\/\/news-immobilsarda.it\/staging\/wp-content\/uploads\/2019\/04\/leonardo-horse2.png","type":"image\/png"}],"twitter_misc":{"Est. reading time":"3 minutes"},"schema":{"@context":"https:\/\/schema.org","@graph":[{"@type":"WebPage","@id":"https:\/\/news-immobilsarda.it\/staging\/leonardo-horse-project-vito-nesta\/","url":"https:\/\/news-immobilsarda.it\/staging\/leonardo-horse-project-vito-nesta\/","name":"Leonardo Horse Project - Vito Nesta - Le ultime novit\u00e0 dal mondo Immobilsarda","isPartOf":{"@id":"https:\/\/news-immobilsarda.it\/staging\/#website"},"datePublished":"2019-04-02T15:11:50+00:00","dateModified":"2019-04-05T13:10:59+00:00","description":"Vito Nesta nasce in Puglia il 21 settembre 1987. Fino all\u2019et\u00e0 di 6 anni, Vito cresce immerso nella bucolica bellezza della campagna barese, a stretto contatto con gli animali, la vita delle masserie locali e una natura tanto affascinante quanto ruvida.","inLanguage":"en-US","potentialAction":[{"@type":"ReadAction","target":["https:\/\/news-immobilsarda.it\/staging\/leonardo-horse-project-vito-nesta\/"]}]},{"@type":"WebSite","@id":"https:\/\/news-immobilsarda.it\/staging\/#website","url":"https:\/\/news-immobilsarda.it\/staging\/","name":"Le ultime novit\u00e0 dal mondo Immobilsarda","description":"Immobili di lusso nel nord della Sardegna","publisher":{"@id":"https:\/\/news-immobilsarda.it\/staging\/#organization"},"potentialAction":[{"@type":"SearchAction","target":{"@type":"EntryPoint","urlTemplate":"https:\/\/news-immobilsarda.it\/staging\/?s={search_term_string}"},"query-input":"required name=search_term_string"}],"inLanguage":"en-US"},{"@type":"Organization","@id":"https:\/\/news-immobilsarda.it\/staging\/#organization","name":"ImmobilSarda","url":"https:\/\/news-immobilsarda.it\/staging\/","logo":{"@type":"ImageObject","inLanguage":"en-US","@id":"https:\/\/news-immobilsarda.it\/staging\/#\/schema\/logo\/image\/","url":"https:\/\/news-immobilsarda.it\/staging\/wp-content\/uploads\/2016\/10\/logo-ims-blue-red.jpg","contentUrl":"https:\/\/news-immobilsarda.it\/staging\/wp-content\/uploads\/2016\/10\/logo-ims-blue-red.jpg","width":383,"height":43,"caption":"ImmobilSarda"},"image":{"@id":"https:\/\/news-immobilsarda.it\/staging\/#\/schema\/logo\/image\/"},"sameAs":["https:\/\/www.facebook.com\/pages\/Immobilsarda\/294305933966324?ref=hl"]}]}},"jetpack_shortlink":"https:\/\/wp.me\/PehXTj-1p7","jetpack_sharing_enabled":true,"jetpack-related-posts":[],"jetpack_likes_enabled":true,"amp_enabled":true,"_links":{"self":[{"href":"https:\/\/news-immobilsarda.it\/staging\/wp-json\/wp\/v2\/pages\/5401"}],"collection":[{"href":"https:\/\/news-immobilsarda.it\/staging\/wp-json\/wp\/v2\/pages"}],"about":[{"href":"https:\/\/news-immobilsarda.it\/staging\/wp-json\/wp\/v2\/types\/page"}],"author":[{"embeddable":true,"href":"https:\/\/news-immobilsarda.it\/staging\/wp-json\/wp\/v2\/users\/1"}],"replies":[{"embeddable":true,"href":"https:\/\/news-immobilsarda.it\/staging\/wp-json\/wp\/v2\/comments?post=5401"}],"version-history":[{"count":7,"href":"https:\/\/news-immobilsarda.it\/staging\/wp-json\/wp\/v2\/pages\/5401\/revisions"}],"predecessor-version":[{"id":5481,"href":"https:\/\/news-immobilsarda.it\/staging\/wp-json\/wp\/v2\/pages\/5401\/revisions\/5481"}],"wp:featuredmedia":[{"embeddable":true,"href":"https:\/\/news-immobilsarda.it\/staging\/wp-json\/wp\/v2\/media\/5419"}],"wp:attachment":[{"href":"https:\/\/news-immobilsarda.it\/staging\/wp-json\/wp\/v2\/media?parent=5401"}],"wp:term":[{"taxonomy":"post_tag","embeddable":true,"href":"https:\/\/news-immobilsarda.it\/staging\/wp-json\/wp\/v2\/tags?post=5401"}],"curies":[{"name":"wp","href":"https:\/\/api.w.org\/{rel}","templated":true}]}}