{"id":5430,"date":"2019-04-03T07:41:41","date_gmt":"2019-04-03T07:41:41","guid":{"rendered":"https:\/\/news-immobilsarda.it\/staging\/?page_id=5430"},"modified":"2019-04-03T14:16:18","modified_gmt":"2019-04-03T14:16:18","slug":"leonardo-horse-project-il-progetto","status":"publish","type":"page","link":"https:\/\/news-immobilsarda.it\/staging\/leonardo-horse-project-il-progetto\/","title":{"rendered":"Leonardo Horse Project &#8211; Il progetto"},"content":{"rendered":"<p>Il Leonardo Horse Project, \u00e8 stato inserito dal Comune di Milano tra i dieci pi\u00f9 importanti eventi del palinsesto per le celebrazioni del cinquecentenario della morte di Leonardo.<\/p>\n<p>Con &#8220;Leonardo Horse Project&#8221; si intende il progetto di Snaitech di far realizzare 13 riproduzioni del Cavallo di Leonardo da esporre all&#8217;Ippodromo di San Siro. 13 celebri artisti, selezionati dalla curatela Cristina Morozzi e Massimo Temporelli, presenteranno in anteprima il 10 aprile le loro opere di design realizzate seguendo la loro icona estetica. Tra gli artisti si annoverano personalit\u00e0 del calibro di: Analogia project, Markus Benesch, Marcel Wanders, Vito Nesta, Mario Trimarchi, Matteo Cibic, Elena Salmistraro, Serena Confalonieri, Daniele PapuliM, Simone Crestani.<\/p>\n<blockquote class=\"twitter-tweet\" data-lang=\"it\">\n<p dir=\"ltr\" lang=\"it\">&#8220;Patrimonio&#8221; &#8220;Secolare&#8221; &#8220;Genera vita e ci meraviglia&#8221; il genio di <a href=\"https:\/\/twitter.com\/hashtag\/Leonardo?src=hash&amp;ref_src=twsrc%5Etfw\">#Leonardo<\/a> da Vinci nelle parole di Daniele Papuli <a href=\"https:\/\/twitter.com\/crestani_simone?ref_src=twsrc%5Etfw\">@crestani_simone<\/a> <a href=\"https:\/\/twitter.com\/hashtag\/VitoNesta?src=hash&amp;ref_src=twsrc%5Etfw\">#VitoNesta<\/a>, 3 dei 13 designer protagonisti del <a href=\"https:\/\/twitter.com\/hashtag\/LeonardoHorseProject?src=hash&amp;ref_src=twsrc%5Etfw\">#LeonardoHorseProject<\/a> <a href=\"https:\/\/twitter.com\/hashtag\/Leonardo500?src=hash&amp;ref_src=twsrc%5Etfw\">#Leonardo500<\/a> <a href=\"https:\/\/t.co\/JZsLfpeupS\">pic.twitter.com\/JZsLfpeupS<\/a><\/p>\n<p>\u2014 Ippodromo Snai San Siro (@ipposnaisansiro) <a href=\"https:\/\/twitter.com\/ipposnaisansiro\/status\/1110210284864581632?ref_src=twsrc%5Etfw\">25 marzo 2019<\/a><\/p><\/blockquote>\n<p><script async src=\"https:\/\/platform.twitter.com\/widgets.js\" charset=\"utf-8\"><\/script><\/p>\n<p>Le riproduzioni saranno esposte all&#8217;interno dell&#8217;Ippodromo San Siro, per poi essere posizionate in punti strategici del capoluogo lombardo ed essere ammirate da cittadini e turisti.<\/p>\n<h2><strong>10 Aprile 2019: La serata di inaugurazione &#8211; Opening Party <\/strong><\/h2>\n<p>In data 10 Aprile, si terr\u00e0 la serata di inaugurazione del &#8220;Leonardo Horse Project&#8221;, alla presenza del Sindaco di Milano delle pi\u00f9 alte cariche cittadine e di prestigiosi brand istituzionali.<\/p>\n<p>La serata comincer\u00e0 alle 20.30 con un primo momento privato, durante il quale si terr\u00e0 la presentazione delle opere e degli artisti a cui seguir\u00e0 un evento di video mapping e un breve discorso del Sindaco Giuseppe Sala, sar\u00e0 poi seguito da una serata pubblica, con DJ Set, beverage e video mapping.<\/p>\n<h2><strong>12 aprile 2019 &#8211; Open House Immobilsarda \u2013 The Nature Art Gallery <\/strong><\/h2>\n<p>Immobilsarda il 12 aprile racconter\u00e0 presso il suo Showroom permanente di Milano il perch\u00e9 della sua adesione al Leonardo Horse Project e presenter\u00e0 la sua <em>The Nature Art Gallery<\/em> con una selezione dei nuovi progetti immobiliari pi\u00f9 esaltanti nel panorama immobiliare della Gallura &#8211; Costa Smeralda.<\/p>\n<h2><strong>Il Cavallo di Leonardo<\/strong><\/h2>\n<h3><strong>Ieri<\/strong><\/h3>\n<p>I primi progetti risalgono al 1482 quando Ludovico il Moro chiese a Leonardo di realizzare la statua equestre pi\u00f9 grande del mondo in onore del padre, Francesco Sforza. L&#8217;idea iniziale era di realizzare un cavallo rampante ma, viste le difficolt\u00e0, il genio decise di farlo poggiare su 3 zampe. Nel 1493, dopo anni passati a studiare l&#8217;anatomia equina, present\u00f2 un primo modello in creta esposto al pubblico. Con l&#8217;invasione dei Francesi nel 1499, per\u00f2, Leonardo dovette abbandonare la citt\u00e0, lasciando alla merc\u00e9 degli invasori il suo modello che venne distrutto. Il progetto non vide purtroppo mai la luce.<\/p>\n<h3><strong>Oggi<\/strong><\/h3>\n<p>\u00c8 grazie alla scultrice Nina Akamu che oggi l&#8217;Ippodromo pu\u00f2 esibire la riproduzione in bronzo dell&#8217;opera pensata dal genio vinciano. Sono stati personaggi come Charles Dent e Frederik Meijer ha renderne possibile la realizzazione: infatti, il primo riscopr\u00ec il mito dimenticato del Cavallo; il secondo, invece, trov\u00f2 i fondi per finanziare l&#8217;opera. Il sogno di Leonardo e di questi benefattori ha visto la luce nel Settembre del 1999 quando, con una cerimonia solenne, \u00e8 stato inaugurato e posto all&#8217;ingresso della tribuna secondaria dell&#8217;Ippodromo.<\/p>\n","protected":false},"excerpt":{"rendered":"<p>Il Leonardo Horse Project, \u00e8 stato inserito dal Comune di Milano tra i dieci pi\u00f9 importanti eventi del palinsesto per le celebrazioni del cinquecentenario della morte di Leonardo. Con &#8220;Leonardo Horse Project&#8221; si intende il progetto di Snaitech di far realizzare 13 riproduzioni del Cavallo di Leonardo da esporre all&#8217;Ippodromo di San Siro. 13 celebri<a class=\"moretag\" href=\"https:\/\/news-immobilsarda.it\/staging\/leonardo-horse-project-il-progetto\/\"><span class=\"screen-reader-text\">Read more about Leonardo Horse Project &#8211; Il progetto<\/span>[&#8230;]<\/a><\/p>\n","protected":false},"author":1,"featured_media":5433,"parent":0,"menu_order":0,"comment_status":"closed","ping_status":"closed","template":"","meta":[],"tags":[523],"yoast_head":"<!-- This site is optimized with the Yoast SEO plugin v19.10 - https:\/\/yoast.com\/wordpress\/plugins\/seo\/ -->\n<title>Leonardo Horse Project - Il progetto - Le ultime novit\u00e0 dal mondo Immobilsarda<\/title>\n<meta name=\"robots\" content=\"index, follow, max-snippet:-1, max-image-preview:large, max-video-preview:-1\" \/>\n<link rel=\"canonical\" href=\"https:\/\/news-immobilsarda.it\/staging\/leonardo-horse-project-il-progetto\/\" \/>\n<meta property=\"og:locale\" content=\"en_US\" \/>\n<meta property=\"og:type\" content=\"article\" \/>\n<meta property=\"og:title\" content=\"Leonardo Horse Project - Il progetto - Le ultime novit\u00e0 dal mondo Immobilsarda\" \/>\n<meta property=\"og:description\" content=\"Il Leonardo Horse Project, \u00e8 stato inserito dal Comune di Milano tra i dieci pi\u00f9 importanti eventi del palinsesto per le celebrazioni del cinquecentenario della morte di Leonardo. Con &#8220;Leonardo Horse Project&#8221; si intende il progetto di Snaitech di far realizzare 13 riproduzioni del Cavallo di Leonardo da esporre all&#8217;Ippodromo di San Siro. 13 celebriRead more about Leonardo Horse Project &#8211; Il progetto[...]\" \/>\n<meta property=\"og:url\" content=\"https:\/\/news-immobilsarda.it\/staging\/leonardo-horse-project-il-progetto\/\" \/>\n<meta property=\"og:site_name\" content=\"Le ultime novit\u00e0 dal mondo Immobilsarda\" \/>\n<meta property=\"article:publisher\" content=\"https:\/\/www.facebook.com\/pages\/Immobilsarda\/294305933966324?ref=hl\" \/>\n<meta property=\"article:modified_time\" content=\"2019-04-03T14:16:18+00:00\" \/>\n<meta property=\"og:image\" content=\"https:\/\/news-immobilsarda.it\/staging\/wp-content\/uploads\/2019\/04\/cavallo-leoanardo.jpg\" \/>\n\t<meta property=\"og:image:width\" content=\"800\" \/>\n\t<meta property=\"og:image:height\" content=\"600\" \/>\n\t<meta property=\"og:image:type\" content=\"image\/jpeg\" \/>\n<meta name=\"twitter:label1\" content=\"Est. reading time\" \/>\n\t<meta name=\"twitter:data1\" content=\"2 minutes\" \/>\n<script type=\"application\/ld+json\" class=\"yoast-schema-graph\">{\"@context\":\"https:\/\/schema.org\",\"@graph\":[{\"@type\":\"WebPage\",\"@id\":\"https:\/\/news-immobilsarda.it\/staging\/leonardo-horse-project-il-progetto\/\",\"url\":\"https:\/\/news-immobilsarda.it\/staging\/leonardo-horse-project-il-progetto\/\",\"name\":\"Leonardo Horse Project - Il progetto - Le ultime novit\u00e0 dal mondo Immobilsarda\",\"isPartOf\":{\"@id\":\"https:\/\/news-immobilsarda.it\/staging\/#website\"},\"datePublished\":\"2019-04-03T07:41:41+00:00\",\"dateModified\":\"2019-04-03T14:16:18+00:00\",\"inLanguage\":\"en-US\",\"potentialAction\":[{\"@type\":\"ReadAction\",\"target\":[\"https:\/\/news-immobilsarda.it\/staging\/leonardo-horse-project-il-progetto\/\"]}]},{\"@type\":\"WebSite\",\"@id\":\"https:\/\/news-immobilsarda.it\/staging\/#website\",\"url\":\"https:\/\/news-immobilsarda.it\/staging\/\",\"name\":\"Le ultime novit\u00e0 dal mondo Immobilsarda\",\"description\":\"Immobili di lusso nel nord della Sardegna\",\"publisher\":{\"@id\":\"https:\/\/news-immobilsarda.it\/staging\/#organization\"},\"potentialAction\":[{\"@type\":\"SearchAction\",\"target\":{\"@type\":\"EntryPoint\",\"urlTemplate\":\"https:\/\/news-immobilsarda.it\/staging\/?s={search_term_string}\"},\"query-input\":\"required name=search_term_string\"}],\"inLanguage\":\"en-US\"},{\"@type\":\"Organization\",\"@id\":\"https:\/\/news-immobilsarda.it\/staging\/#organization\",\"name\":\"ImmobilSarda\",\"url\":\"https:\/\/news-immobilsarda.it\/staging\/\",\"logo\":{\"@type\":\"ImageObject\",\"inLanguage\":\"en-US\",\"@id\":\"https:\/\/news-immobilsarda.it\/staging\/#\/schema\/logo\/image\/\",\"url\":\"https:\/\/news-immobilsarda.it\/staging\/wp-content\/uploads\/2016\/10\/logo-ims-blue-red.jpg\",\"contentUrl\":\"https:\/\/news-immobilsarda.it\/staging\/wp-content\/uploads\/2016\/10\/logo-ims-blue-red.jpg\",\"width\":383,\"height\":43,\"caption\":\"ImmobilSarda\"},\"image\":{\"@id\":\"https:\/\/news-immobilsarda.it\/staging\/#\/schema\/logo\/image\/\"},\"sameAs\":[\"https:\/\/www.facebook.com\/pages\/Immobilsarda\/294305933966324?ref=hl\"]}]}<\/script>\n<!-- \/ Yoast SEO plugin. -->","yoast_head_json":{"title":"Leonardo Horse Project - Il progetto - Le ultime novit\u00e0 dal mondo Immobilsarda","robots":{"index":"index","follow":"follow","max-snippet":"max-snippet:-1","max-image-preview":"max-image-preview:large","max-video-preview":"max-video-preview:-1"},"canonical":"https:\/\/news-immobilsarda.it\/staging\/leonardo-horse-project-il-progetto\/","og_locale":"en_US","og_type":"article","og_title":"Leonardo Horse Project - Il progetto - Le ultime novit\u00e0 dal mondo Immobilsarda","og_description":"Il Leonardo Horse Project, \u00e8 stato inserito dal Comune di Milano tra i dieci pi\u00f9 importanti eventi del palinsesto per le celebrazioni del cinquecentenario della morte di Leonardo. Con &#8220;Leonardo Horse Project&#8221; si intende il progetto di Snaitech di far realizzare 13 riproduzioni del Cavallo di Leonardo da esporre all&#8217;Ippodromo di San Siro. 13 celebriRead more about Leonardo Horse Project &#8211; Il progetto[...]","og_url":"https:\/\/news-immobilsarda.it\/staging\/leonardo-horse-project-il-progetto\/","og_site_name":"Le ultime novit\u00e0 dal mondo Immobilsarda","article_publisher":"https:\/\/www.facebook.com\/pages\/Immobilsarda\/294305933966324?ref=hl","article_modified_time":"2019-04-03T14:16:18+00:00","og_image":[{"width":800,"height":600,"url":"https:\/\/news-immobilsarda.it\/staging\/wp-content\/uploads\/2019\/04\/cavallo-leoanardo.jpg","type":"image\/jpeg"}],"twitter_misc":{"Est. reading time":"2 minutes"},"schema":{"@context":"https:\/\/schema.org","@graph":[{"@type":"WebPage","@id":"https:\/\/news-immobilsarda.it\/staging\/leonardo-horse-project-il-progetto\/","url":"https:\/\/news-immobilsarda.it\/staging\/leonardo-horse-project-il-progetto\/","name":"Leonardo Horse Project - Il progetto - Le ultime novit\u00e0 dal mondo Immobilsarda","isPartOf":{"@id":"https:\/\/news-immobilsarda.it\/staging\/#website"},"datePublished":"2019-04-03T07:41:41+00:00","dateModified":"2019-04-03T14:16:18+00:00","inLanguage":"en-US","potentialAction":[{"@type":"ReadAction","target":["https:\/\/news-immobilsarda.it\/staging\/leonardo-horse-project-il-progetto\/"]}]},{"@type":"WebSite","@id":"https:\/\/news-immobilsarda.it\/staging\/#website","url":"https:\/\/news-immobilsarda.it\/staging\/","name":"Le ultime novit\u00e0 dal mondo Immobilsarda","description":"Immobili di lusso nel nord della Sardegna","publisher":{"@id":"https:\/\/news-immobilsarda.it\/staging\/#organization"},"potentialAction":[{"@type":"SearchAction","target":{"@type":"EntryPoint","urlTemplate":"https:\/\/news-immobilsarda.it\/staging\/?s={search_term_string}"},"query-input":"required name=search_term_string"}],"inLanguage":"en-US"},{"@type":"Organization","@id":"https:\/\/news-immobilsarda.it\/staging\/#organization","name":"ImmobilSarda","url":"https:\/\/news-immobilsarda.it\/staging\/","logo":{"@type":"ImageObject","inLanguage":"en-US","@id":"https:\/\/news-immobilsarda.it\/staging\/#\/schema\/logo\/image\/","url":"https:\/\/news-immobilsarda.it\/staging\/wp-content\/uploads\/2016\/10\/logo-ims-blue-red.jpg","contentUrl":"https:\/\/news-immobilsarda.it\/staging\/wp-content\/uploads\/2016\/10\/logo-ims-blue-red.jpg","width":383,"height":43,"caption":"ImmobilSarda"},"image":{"@id":"https:\/\/news-immobilsarda.it\/staging\/#\/schema\/logo\/image\/"},"sameAs":["https:\/\/www.facebook.com\/pages\/Immobilsarda\/294305933966324?ref=hl"]}]}},"jetpack_shortlink":"https:\/\/wp.me\/PehXTj-1pA","jetpack_sharing_enabled":true,"jetpack-related-posts":[],"jetpack_likes_enabled":true,"amp_enabled":true,"_links":{"self":[{"href":"https:\/\/news-immobilsarda.it\/staging\/wp-json\/wp\/v2\/pages\/5430"}],"collection":[{"href":"https:\/\/news-immobilsarda.it\/staging\/wp-json\/wp\/v2\/pages"}],"about":[{"href":"https:\/\/news-immobilsarda.it\/staging\/wp-json\/wp\/v2\/types\/page"}],"author":[{"embeddable":true,"href":"https:\/\/news-immobilsarda.it\/staging\/wp-json\/wp\/v2\/users\/1"}],"replies":[{"embeddable":true,"href":"https:\/\/news-immobilsarda.it\/staging\/wp-json\/wp\/v2\/comments?post=5430"}],"version-history":[{"count":8,"href":"https:\/\/news-immobilsarda.it\/staging\/wp-json\/wp\/v2\/pages\/5430\/revisions"}],"predecessor-version":[{"id":5467,"href":"https:\/\/news-immobilsarda.it\/staging\/wp-json\/wp\/v2\/pages\/5430\/revisions\/5467"}],"wp:featuredmedia":[{"embeddable":true,"href":"https:\/\/news-immobilsarda.it\/staging\/wp-json\/wp\/v2\/media\/5433"}],"wp:attachment":[{"href":"https:\/\/news-immobilsarda.it\/staging\/wp-json\/wp\/v2\/media?parent=5430"}],"wp:term":[{"taxonomy":"post_tag","embeddable":true,"href":"https:\/\/news-immobilsarda.it\/staging\/wp-json\/wp\/v2\/tags?post=5430"}],"curies":[{"name":"wp","href":"https:\/\/api.w.org\/{rel}","templated":true}]}}